{"id":112,"date":"2023-10-11T16:55:03","date_gmt":"2023-10-11T14:55:03","guid":{"rendered":"http:\/\/articim.fr\/?page_id=112"},"modified":"2023-11-29T09:47:12","modified_gmt":"2023-11-29T08:47:12","slug":"aides-et-financements","status":"publish","type":"page","link":"https:\/\/articim.fr\/?page_id=112","title":{"rendered":"Aides &#038; Subventions"},"content":{"rendered":"\n<p class=\"has-medium-font-size\">Nous menons une veille permanente afin de vous proposer des dispositifs de financements publics adapt\u00e9s au d\u00e9veloppement de votre activit\u00e9. <\/p>\n\n\n\n<p class=\"has-medium-font-size\">Ainsi, en tant que partenaire, nous nous effor\u00e7ons de vous proposer tous les types d\u2019aides op\u00e9r\u00e9es par la BPI, la r\u00e9gion ou l&rsquo;Europe d\u00e8s que cela nous para\u00eet opportun.<\/p>\n\n\n\n<p class=\"has-medium-font-size\">Bien entendu, nous vous accompagnons jusqu\u2019\u00e0 l\u2019obtention de l\u2019aide et vous ne nous r\u00e9mun\u00e9rez qu\u2019en cas de succ\u00e8s !<\/p>\n\n\n\n<p> <\/p>\n","protected":false},"excerpt":{"rendered":"<p>Nous menons une veille permanente afin de vous proposer des dispositifs de financements publics adapt\u00e9s au d\u00e9veloppement de votre activit\u00e9. Ainsi, en tant que partenaire, nous nous effor\u00e7ons de vous proposer tous les types d\u2019aides op\u00e9r\u00e9es par la BPI, la r\u00e9gion ou l&rsquo;Europe d\u00e8s que cela nous para\u00eet opportun. Bien entendu, nous vous accompagnons jusqu\u2019\u00e0 &hellip; <\/p>\n<p class=\"link-more\"><a href=\"https:\/\/articim.fr\/?page_id=112\" class=\"more-link\">Lire la suite de<span class=\"screen-reader-text\">\u00ab\u00a0Aides &#038; Subventions\u00a0\u00bb<\/span><\/a><\/p>\n","protected":false},"author":1,"featured_media":0,"parent":0,"menu_order":0,"comment_status":"closed","ping_status":"closed","template":"","meta":{"footnotes":""},"class_list":["post-112","page","type-page","status-publish","hentry"],"yoast_head":"<!-- This site is optimized with the Yoast SEO plugin v26.7 - https:\/\/yoast.com\/wordpress\/plugins\/seo\/ -->\n<title>Aides &amp; Subventions - articim<\/title>\n<meta name=\"robots\" content=\"index, follow, max-snippet:-1, max-image-preview:large, max-video-preview:-1\" \/>\n<link rel=\"canonical\" href=\"https:\/\/articim.fr\/?page_id=112\" \/>\n<meta property=\"og:locale\" content=\"fr_FR\" \/>\n<meta property=\"og:type\" content=\"article\" \/>\n<meta property=\"og:title\" content=\"Aides &amp; Subventions - articim\" \/>\n<meta property=\"og:description\" content=\"Nous menons une veille permanente afin de vous proposer des dispositifs de financements publics adapt\u00e9s au d\u00e9veloppement de votre activit\u00e9. Ainsi, en tant que partenaire, nous nous effor\u00e7ons de vous proposer tous les types d\u2019aides op\u00e9r\u00e9es par la BPI, la r\u00e9gion ou l&rsquo;Europe d\u00e8s que cela nous para\u00eet opportun. Bien entendu, nous vous accompagnons jusqu\u2019\u00e0 &hellip; Lire la suite de\u00ab\u00a0Aides &#038; Subventions\u00a0\u00bb\" \/>\n<meta property=\"og:url\" content=\"https:\/\/articim.fr\/?page_id=112\" \/>\n<meta property=\"og:site_name\" content=\"articim\" \/>\n<meta property=\"article:modified_time\" content=\"2023-11-29T08:47:12+00:00\" \/>\n<meta name=\"twitter:card\" content=\"summary_large_image\" \/>\n<script type=\"application\/ld+json\" class=\"yoast-schema-graph\">{\"@context\":\"https:\/\/schema.org\",\"@graph\":[{\"@type\":\"WebPage\",\"@id\":\"https:\/\/articim.fr\/?page_id=112\",\"url\":\"https:\/\/articim.fr\/?page_id=112\",\"name\":\"Aides & Subventions - articim\",\"isPartOf\":{\"@id\":\"https:\/\/articim.fr\/#website\"},\"datePublished\":\"2023-10-11T14:55:03+00:00\",\"dateModified\":\"2023-11-29T08:47:12+00:00\",\"breadcrumb\":{\"@id\":\"https:\/\/articim.fr\/?page_id=112#breadcrumb\"},\"inLanguage\":\"fr-FR\",\"potentialAction\":[{\"@type\":\"ReadAction\",\"target\":[\"https:\/\/articim.fr\/?page_id=112\"]}]},{\"@type\":\"BreadcrumbList\",\"@id\":\"https:\/\/articim.fr\/?page_id=112#breadcrumb\",\"itemListElement\":[{\"@type\":\"ListItem\",\"position\":1,\"name\":\"Accueil\",\"item\":\"https:\/\/articim.fr\/\"},{\"@type\":\"ListItem\",\"position\":2,\"name\":\"Aides &#038; Subventions\"}]},{\"@type\":\"WebSite\",\"@id\":\"https:\/\/articim.fr\/#website\",\"url\":\"https:\/\/articim.fr\/\",\"name\":\"articim\",\"description\":\"Le geste Fran\u00e7ais\",\"publisher\":{\"@id\":\"https:\/\/articim.fr\/#organization\"},\"potentialAction\":[{\"@type\":\"SearchAction\",\"target\":{\"@type\":\"EntryPoint\",\"urlTemplate\":\"https:\/\/articim.fr\/?s={search_term_string}\"},\"query-input\":{\"@type\":\"PropertyValueSpecification\",\"valueRequired\":true,\"valueName\":\"search_term_string\"}}],\"inLanguage\":\"fr-FR\"},{\"@type\":\"Organization\",\"@id\":\"https:\/\/articim.fr\/#organization\",\"name\":\"articim\",\"url\":\"https:\/\/articim.fr\/\",\"logo\":{\"@type\":\"ImageObject\",\"inLanguage\":\"fr-FR\",\"@id\":\"https:\/\/articim.fr\/#\/schema\/logo\/image\/\",\"url\":\"http:\/\/articim.fr\/wp-content\/uploads\/2025\/02\/cropped-Logo-Articim-noir.png\",\"contentUrl\":\"http:\/\/articim.fr\/wp-content\/uploads\/2025\/02\/cropped-Logo-Articim-noir.png\",\"width\":512,\"height\":512,\"caption\":\"articim\"},\"image\":{\"@id\":\"https:\/\/articim.fr\/#\/schema\/logo\/image\/\"},\"sameAs\":[\"https:\/\/fr.linkedin.com\/company\/articim\"]}]}<\/script>\n<!-- \/ Yoast SEO plugin. -->","yoast_head_json":{"title":"Aides & Subventions - articim","robots":{"index":"index","follow":"follow","max-snippet":"max-snippet:-1","max-image-preview":"max-image-preview:large","max-video-preview":"max-video-preview:-1"},"canonical":"https:\/\/articim.fr\/?page_id=112","og_locale":"fr_FR","og_type":"article","og_title":"Aides & Subventions - articim","og_description":"Nous menons une veille permanente afin de vous proposer des dispositifs de financements publics adapt\u00e9s au d\u00e9veloppement de votre activit\u00e9. Ainsi, en tant que partenaire, nous nous effor\u00e7ons de vous proposer tous les types d\u2019aides op\u00e9r\u00e9es par la BPI, la r\u00e9gion ou l&rsquo;Europe d\u00e8s que cela nous para\u00eet opportun. Bien entendu, nous vous accompagnons jusqu\u2019\u00e0 &hellip; Lire la suite de\u00ab\u00a0Aides &#038; Subventions\u00a0\u00bb","og_url":"https:\/\/articim.fr\/?page_id=112","og_site_name":"articim","article_modified_time":"2023-11-29T08:47:12+00:00","twitter_card":"summary_large_image","schema":{"@context":"https:\/\/schema.org","@graph":[{"@type":"WebPage","@id":"https:\/\/articim.fr\/?page_id=112","url":"https:\/\/articim.fr\/?page_id=112","name":"Aides & Subventions - articim","isPartOf":{"@id":"https:\/\/articim.fr\/#website"},"datePublished":"2023-10-11T14:55:03+00:00","dateModified":"2023-11-29T08:47:12+00:00","breadcrumb":{"@id":"https:\/\/articim.fr\/?page_id=112#breadcrumb"},"inLanguage":"fr-FR","potentialAction":[{"@type":"ReadAction","target":["https:\/\/articim.fr\/?page_id=112"]}]},{"@type":"BreadcrumbList","@id":"https:\/\/articim.fr\/?page_id=112#breadcrumb","itemListElement":[{"@type":"ListItem","position":1,"name":"Accueil","item":"https:\/\/articim.fr\/"},{"@type":"ListItem","position":2,"name":"Aides &#038; Subventions"}]},{"@type":"WebSite","@id":"https:\/\/articim.fr\/#website","url":"https:\/\/articim.fr\/","name":"articim","description":"Le geste Fran\u00e7ais","publisher":{"@id":"https:\/\/articim.fr\/#organization"},"potentialAction":[{"@type":"SearchAction","target":{"@type":"EntryPoint","urlTemplate":"https:\/\/articim.fr\/?s={search_term_string}"},"query-input":{"@type":"PropertyValueSpecification","valueRequired":true,"valueName":"search_term_string"}}],"inLanguage":"fr-FR"},{"@type":"Organization","@id":"https:\/\/articim.fr\/#organization","name":"articim","url":"https:\/\/articim.fr\/","logo":{"@type":"ImageObject","inLanguage":"fr-FR","@id":"https:\/\/articim.fr\/#\/schema\/logo\/image\/","url":"http:\/\/articim.fr\/wp-content\/uploads\/2025\/02\/cropped-Logo-Articim-noir.png","contentUrl":"http:\/\/articim.fr\/wp-content\/uploads\/2025\/02\/cropped-Logo-Articim-noir.png","width":512,"height":512,"caption":"articim"},"image":{"@id":"https:\/\/articim.fr\/#\/schema\/logo\/image\/"},"sameAs":["https:\/\/fr.linkedin.com\/company\/articim"]}]}},"_links":{"self":[{"href":"https:\/\/articim.fr\/index.php?rest_route=\/wp\/v2\/pages\/112","targetHints":{"allow":["GET"]}}],"collection":[{"href":"https:\/\/articim.fr\/index.php?rest_route=\/wp\/v2\/pages"}],"about":[{"href":"https:\/\/articim.fr\/index.php?rest_route=\/wp\/v2\/types\/page"}],"author":[{"embeddable":true,"href":"https:\/\/articim.fr\/index.php?rest_route=\/wp\/v2\/users\/1"}],"replies":[{"embeddable":true,"href":"https:\/\/articim.fr\/index.php?rest_route=%2Fwp%2Fv2%2Fcomments&post=112"}],"version-history":[{"count":7,"href":"https:\/\/articim.fr\/index.php?rest_route=\/wp\/v2\/pages\/112\/revisions"}],"predecessor-version":[{"id":148,"href":"https:\/\/articim.fr\/index.php?rest_route=\/wp\/v2\/pages\/112\/revisions\/148"}],"wp:attachment":[{"href":"https:\/\/articim.fr\/index.php?rest_route=%2Fwp%2Fv2%2Fmedia&parent=112"}],"curies":[{"name":"wp","href":"https:\/\/api.w.org\/{rel}","templated":true}]}}