{"id":126,"date":"2023-10-12T09:28:08","date_gmt":"2023-10-12T07:28:08","guid":{"rendered":"https:\/\/articim.fr\/?page_id=126"},"modified":"2023-10-12T09:28:08","modified_gmt":"2023-10-12T07:28:08","slug":"mentions-legales","status":"publish","type":"page","link":"https:\/\/articim.fr\/?page_id=126","title":{"rendered":"Mentions L\u00e9gales"},"content":{"rendered":"\n<p>MENTIONS LEGALES :<\/p>\n\n\n\n<p>Conform\u00e9ment aux obligations de l&rsquo;article 6-III et 19 de la Loi n\u00b0 2004-575 du 21 juin 2004 relative \u00e0 la Confiance dans l&rsquo;\u00e9conomie num\u00e9rique, dite L.C.E.N., nous portons \u00e0 la connaissance des utilisateurs du site :&nbsp;<a href=\"https:\/\/articim.fr\/\" target=\"_blank\" rel=\"noreferrer noopener\">articim.fr<\/a>&nbsp;Ces informations ci-jointe :<\/p>\n\n\n\n<p><strong>1. Bulletin l\u00e9gales :<\/strong><\/p>\n\n\n\n<p>Le site&nbsp;<a href=\"https:\/\/articim.fr\/\" target=\"_blank\" rel=\"noreferrer noopener\">articim.fr<\/a>&nbsp;est la propri\u00e9t\u00e9 absolue de&nbsp;<strong>SAS<\/strong>&nbsp;<strong>Articim<\/strong>, qui l&rsquo;\u00e9dite.<\/p>\n\n\n\n<p><strong>SAS<\/strong>&nbsp;<strong>Articim<\/strong>&nbsp;&#8211; Num\u00e9ro de Tel :&nbsp;<strong>07 76 89 97 18<\/strong><\/p>\n\n\n\n<p><strong>4 rue de Koufra<\/strong>&nbsp;<strong>92100 Boulogne Billancourt<\/strong><br>Enregistr\u00e9e au RCS (Registre du Commerce et des Soci\u00e9t\u00e9s) sous le num\u00e9ro&nbsp;<strong>95398130500014<\/strong><\/p>\n\n\n\n<p>Numero TVA Intracommunautaire :&nbsp;<strong>FR55953981305<\/strong><br>EMAIL :&nbsp;<strong><a href=\"mailto:charles@articim.fr?subject=Contact%20a%20partir%20des%20mentions%20l%C3%A9gales%20via%20le%20site%20articim.fr\">charles@articim.fr<\/a><\/strong><br><br>Le Fabriquant du site est :&nbsp;<strong>Mignon Charles<\/strong><br>Le D\u00e9cideur de publication :&nbsp;<strong>Mignon Charles<\/strong><br>Par quel moyen entrer en contact avec le D\u00e9cideur de la publication :&nbsp;<strong><a href=\"mailto:charles@articim.fr?subject=Contact%20a%20partir%20des%20mentions%20l%C3%A9gales%20via%20le%20site%20articim.fr\">charles@articim.fr<\/a><\/strong><br>Le R\u00e9alisateur est :&nbsp;<strong>Mignon Charles<\/strong><br>De quelle fa\u00e7on entrer en contact avec le D\u00e9veloppeur :&nbsp;<strong><a href=\"mailto:charles@articim.fr?subject=Contact%20a%20partir%20des%20mentions%20l%C3%A9gales%20via%20le%20site%20articim.fr\">charles@articim.fr<\/a><\/strong><\/p>\n\n\n\n<p>Hebergeur du site web : OVH<br>SAS<br>Immatriculation RCS Lille M\u00e9tropole 424 761 419 00045<br>Code d&rsquo;Activit\u00e9 principale exerc\u00e9e (APE) 2620Z<br>Num\u00e9ro de TVA : FR 22 424 761 419<br>Si\u00e8ge social : 2 rue Kellermann &#8211; 59100 Roubaix &#8211; France<\/p>\n\n\n\n<p>Ces Mentions L\u00e9gales ont \u00e9t\u00e9 g\u00e9n\u00e9r\u00e9es via&nbsp;<strong><a href=\"https:\/\/www.generateur-de-mentions-legales.com\/\" target=\"_blank\" rel=\"noreferrer noopener\">le g\u00e9n\u00e9rateur de mentions l\u00e9gales<\/a><\/strong><br><\/p>\n\n\n\n<p><strong>2. Pr\u00e9sentation :<\/strong><\/p>\n\n\n\n<p>Tout internaute qui se connecte et utilise le site :&nbsp;<a href=\"https:\/\/articim.fr\/\" target=\"_blank\" rel=\"noreferrer noopener\">articim.fr<\/a>&nbsp;est consid\u00e9r\u00e9 comme usage\u00e9 du site web.<br>Le site&nbsp;<strong>articim.fr<\/strong>&nbsp;regroupe plusieurs services, dans l&rsquo;\u00e9tat, disponible pour les usage\u00e9. Il est naturellement pr\u00e9cis\u00e9 que ceux-ci doivent rester courtois et faire preuve de bonne foi tant envers les diff\u00e9rents utilisateurs qu&rsquo;envers le R\u00e9alisateur du site articim.fr. Le site articim.fr est mis \u00e0 jour de fa\u00e7on r\u00e9guli\u00e8re par Mignon Charles.<br>Mignon Charles s&rsquo;efforce de prescrire sur le site suivant articim.fr des informations les plus claires possibles (sous r\u00e9serve de modifications), mais ne peuvent certifier l&rsquo;exactitude, la compl\u00e9tude et les informations r\u00e9pandu sur son site web, qu&rsquo;elles soient de son fait ou non. En cons\u00e9quence, l&rsquo;utilisateur reconna\u00eet utiliser ces informations donn\u00e9es (\u00e0 titre indicatif, non exhaustives et susceptibles d&rsquo;\u00e9voluer) sous sa responsabilit\u00e9 exclusive.<\/p>\n\n\n\n<p><strong>3. Accessibilit\u00e9 Num\u00e9rique :<\/strong><br><br>Le site web articim.fr est par principe accessible aux utilisateurs 24\/7, sauf en cas de maintenance, pr\u00e9vu ou non, pour les besoins de mise \u00e0 jour ou force majeure. En cas d&rsquo;impossibilit\u00e9 d&rsquo;acc\u00e8s au service, articim.fr s&rsquo;engage \u00e0 faire de son mieux afin de r\u00e9tablir l&rsquo;acc\u00e8s au site internet et s&rsquo;efforcera alors de communiquer au pr\u00e9alable aux utilisateurs Dates &amp; heures de l&rsquo;interruption. N&rsquo;\u00e9tant soumis qu&rsquo;\u00e0 une servitude de moyen, articim.fr ne saurait \u00eatre design\u00e9 pour responsable des soucis, quelle qu&rsquo;en soit la nature.<\/p>\n\n\n\n<p><strong>4. Droit de propri\u00e9t\u00e9 intellectuelle :<\/strong><br><br>Mignon Charles est le propri\u00e9taire unique de tous les droits de propri\u00e9t\u00e9 intellectuelle ou d\u00e9tient les droits d&rsquo;usage sur tous les \u00e9l\u00e9ments accessibles sur le site suivant, tant structurellement que sur les articles et textes, , graphismes, logo, sons, logiciels\u2026<br>Toute reproduction totale ou partielle du site articim.fr, repr\u00e9sentation, edition, mis \u00e0 jour totale ou partielle de l&rsquo;un quelconque de ces \u00e9l\u00e9ments, sans tenir compte du moyen ou la technique utilis\u00e9, est interdite, sauf acceptation \u00e9crite pr\u00e9alable de Mignon Charles, responsable du site m\u00eame partielle du site articim.fr, repr\u00e9sentation, modification, mis \u00e0 jour totale ou partielle de l&rsquo;un de ces \u00e9l\u00e9ments, sans tenir compte du moyen ou le proc\u00e9d\u00e9 utilis\u00e9, est strictementinterdite, except\u00e9 autorisation pr\u00e9alable de Mignon Charles, responsable du site web \u00e0 cette adresse : charles@articim.fr, \u00e0 contrario elle sera consid\u00e9r\u00e9e comme constitutive d&rsquo;une contrefa\u00e7on \u00e9tant passible de poursuite conform\u00e9ment aux dispositions des diff\u00e9rents articles L.335-2 et suivants du Code de Propri\u00e9t\u00e9 Intellectuelle.<\/p>\n\n\n\n<p><br><strong>5. Liens hypertextes et cookies :<\/strong><br><br>Le site internet articim.fr contient diff\u00e9rents URL cliquable vers diff\u00e9rents sites (partenariats, sites sources etc) mis en ligne suite \u00e0 la validation de Mignon Charles<a href=\"https:\/\/www.generateur-de-mentions-legales.com\/\">.<\/a>&nbsp;Cependant, Mignon Charles ne peut pas v\u00e9rifier l&rsquo;ensemble des \u00e9lements des sites ainsi consult\u00e9s et d\u00e9cline donc l&rsquo;enti\u00e8re responsabilit\u00e9 de ce fait quand aux risques de contenus interdits.<br>L&rsquo;utilisateur est donc avis\u00e9 que durant de ses navigation sur le site web articim.fr, un ou des cookies sont capable de s&rsquo;int\u00e9grer m\u00e9caniquement sur son pc en utilisant son logiciel informatique de navigation. Un cookie c&rsquo;est un assemblage de donn\u00e9es informatique qui ne permet pas de savoir qui est l&rsquo;utilisateur, cependant qui repertorie des informations en lien avec la navigation de celui-ci sur le site.&nbsp;<br>Le param\u00e9trage du logiciel de navigation permet de notifier de la pr\u00e9sence de cookie et potentiellement, de pouvoir refuser de la fa\u00e7on expliqu\u00e9e \u00e0 l&rsquo; adresse suivante :&nbsp;<a href=\"https:\/\/www.articim.fr\/\">www.articim.fr<\/a>. L&rsquo;utilisateur \u00e0 la possibilit\u00e9 toutefois de configurer le navigateur de son pc pour rejeter la mise en place des cookies, \u00e9tant conscient que le rebut de la mise en place d&rsquo;un cookie peut entra\u00eener l&rsquo;incapacit\u00e9 d&rsquo;avoir acc\u00e8s \u00e0 diff\u00e9rents secteurs. Concernant tout barrage des cookies, recherchez dans votre outil de recherche : blocage des cookies et observez les instructions en lien avec votre navigateur.<strong>6. Protection des biens et des personnes &#8211; Maniement des donn\u00e9es personnelles :<\/strong><\/p>\n\n\n\n<p>En France, les donn\u00e9es personnelles sont par exemple prot\u00e9g\u00e9es par la loi n\u00b0 78-87 du 6 janvier 1978 ou encore la loi n\u00b0 2004-801 datant du 6 ao\u00fbt 2004, l&rsquo;article L. 226-13 du Code p\u00e9nal ainsi que la Directive Europ\u00e9enne datant du 24 octobre 1995.<\/p>\n\n\n\n<p>Sur le site interne articim.fr, Mignon Charles ne collecte pas d&rsquo;informations personnelles ( suivant l&rsquo;article 4 loi n\u00b078-17 du 06 janvier 1978) relatives \u00e0 l&rsquo;utilisateur que pour la n\u00e9c\u00e9ssit\u00e9 de divers services offerts par le site web articim.fr. L&rsquo;usager donne les donn\u00e9es en toute conscience de cause, particuli\u00e8rement lorsqu&rsquo;il effectue de lui-m\u00eame \u00e0 la saisie. Il est donc pr\u00e9cis\u00e9 \u00e0 l&rsquo;utilisateur du site suivant articim.fr l&rsquo;obligation ou non de rentrer ces donn\u00e9es.<br>Conform\u00e9ment aux dispositions des articles 38 et autres de la loi 78-17 du 6 janvier 1978 relative \u00e0 l&rsquo;informatique, les fichiers et aux libert\u00e9s, tout utilisateur dispose d&rsquo;un droit d&rsquo;acc\u00e8s , de rectification, de suppression et d&rsquo;opposition \u00e0 toutes les donn\u00e9es personnelles qui le concerne. Pour l&rsquo;exercer, adressez votre demande \u00e0 articim.fr par mail :&nbsp;<strong><a href=\"mailto:charles@articim.fr?subject=Contact%20%C3%A0%20partir%20des%20mentions%20l%C3%A9gales%20via%20le%20site%20articim.fr\">charles@articim.fr<\/a><\/strong>&nbsp;ou alors&nbsp;par \u00e9crit&nbsp;d\u00fbement sign\u00e9e, accompagn\u00e9e d&rsquo;une copie du titre d&rsquo;identit\u00e9 ainsi qu&rsquo;une signature du titulaire du document, en pr\u00e9cisant l&rsquo;adresse \u00e0 laquelle la r\u00e9ponse devra \u00eatre retourn\u00e9e.<\/p>\n\n\n\n<p>Aucune information personnelle de l&rsquo;utilisateur du site suivant articim.fr n&rsquo;est publi\u00e9e \u00e0 l&rsquo;insu de l&rsquo;utilisateur, troqu\u00e9e, transf\u00e9r\u00e9e, vendue sur un support quelconque \u00e0 des groupes. Seulement l&rsquo;hypoth\u00e8se du rachat du site articim.fr et de ses droits autorise Mignon Charles \u00e0 c\u00e9der les dites informations \u00e0 l&rsquo;\u00e9ventuel acqu\u00e9reur qui serait alors lui-m\u00eame tenu&nbsp;\u00e0 la m\u00eame obligation de conservation et de modification des donn\u00e9es relative \u00e0 l&rsquo;utilisateur du site articim.fr.<br>Le site web articim.fr est en conformit\u00e9 avec le RGPD consulter notre politique RGPD.<\/p>\n\n\n\n<p>Les bases de donn\u00e9es sont prot\u00e9g\u00e9es par les obligations de la loi du 1er juillet 1998 transposant la directive 96\/9 du 11 mars 1996 concernant la protection juridique des bases de donn\u00e9es.<\/p>\n","protected":false},"excerpt":{"rendered":"<p>MENTIONS LEGALES : Conform\u00e9ment aux obligations de l&rsquo;article 6-III et 19 de la Loi n\u00b0 2004-575 du 21 juin 2004 relative \u00e0 la Confiance dans l&rsquo;\u00e9conomie num\u00e9rique, dite L.C.E.N., nous portons \u00e0 la connaissance des utilisateurs du site :&nbsp;articim.fr&nbsp;Ces informations ci-jointe : 1. Bulletin l\u00e9gales : Le site&nbsp;articim.fr&nbsp;est la propri\u00e9t\u00e9 absolue de&nbsp;SAS&nbsp;Articim, qui l&rsquo;\u00e9dite. SAS&nbsp;Articim&nbsp;&#8211; &hellip; <\/p>\n<p class=\"link-more\"><a href=\"https:\/\/articim.fr\/?page_id=126\" class=\"more-link\">Lire la suite de<span class=\"screen-reader-text\">\u00ab\u00a0Mentions L\u00e9gales\u00a0\u00bb<\/span><\/a><\/p>\n","protected":false},"author":1,"featured_media":0,"parent":0,"menu_order":0,"comment_status":"closed","ping_status":"closed","template":"","meta":{"footnotes":""},"class_list":["post-126","page","type-page","status-publish","hentry"],"yoast_head":"<!-- This site is optimized with the Yoast SEO plugin v26.7 - https:\/\/yoast.com\/wordpress\/plugins\/seo\/ -->\n<title>Mentions L\u00e9gales - articim<\/title>\n<meta name=\"robots\" content=\"index, follow, max-snippet:-1, max-image-preview:large, max-video-preview:-1\" \/>\n<link rel=\"canonical\" href=\"https:\/\/articim.fr\/?page_id=126\" \/>\n<meta property=\"og:locale\" content=\"fr_FR\" \/>\n<meta property=\"og:type\" content=\"article\" \/>\n<meta property=\"og:title\" content=\"Mentions L\u00e9gales - articim\" \/>\n<meta property=\"og:description\" content=\"MENTIONS LEGALES : Conform\u00e9ment aux obligations de l&rsquo;article 6-III et 19 de la Loi n\u00b0 2004-575 du 21 juin 2004 relative \u00e0 la Confiance dans l&rsquo;\u00e9conomie num\u00e9rique, dite L.C.E.N., nous portons \u00e0 la connaissance des utilisateurs du site :&nbsp;articim.fr&nbsp;Ces informations ci-jointe : 1. Bulletin l\u00e9gales : Le site&nbsp;articim.fr&nbsp;est la propri\u00e9t\u00e9 absolue de&nbsp;SAS&nbsp;Articim, qui l&rsquo;\u00e9dite. SAS&nbsp;Articim&nbsp;&#8211; &hellip; Lire la suite de\u00ab\u00a0Mentions L\u00e9gales\u00a0\u00bb\" \/>\n<meta property=\"og:url\" content=\"https:\/\/articim.fr\/?page_id=126\" \/>\n<meta property=\"og:site_name\" content=\"articim\" \/>\n<meta name=\"twitter:card\" content=\"summary_large_image\" \/>\n<meta name=\"twitter:label1\" content=\"Dur\u00e9e de lecture estim\u00e9e\" \/>\n\t<meta name=\"twitter:data1\" content=\"6 minutes\" \/>\n<script type=\"application\/ld+json\" class=\"yoast-schema-graph\">{\"@context\":\"https:\/\/schema.org\",\"@graph\":[{\"@type\":\"WebPage\",\"@id\":\"https:\/\/articim.fr\/?page_id=126\",\"url\":\"https:\/\/articim.fr\/?page_id=126\",\"name\":\"Mentions L\u00e9gales - articim\",\"isPartOf\":{\"@id\":\"https:\/\/articim.fr\/#website\"},\"datePublished\":\"2023-10-12T07:28:08+00:00\",\"breadcrumb\":{\"@id\":\"https:\/\/articim.fr\/?page_id=126#breadcrumb\"},\"inLanguage\":\"fr-FR\",\"potentialAction\":[{\"@type\":\"ReadAction\",\"target\":[\"https:\/\/articim.fr\/?page_id=126\"]}]},{\"@type\":\"BreadcrumbList\",\"@id\":\"https:\/\/articim.fr\/?page_id=126#breadcrumb\",\"itemListElement\":[{\"@type\":\"ListItem\",\"position\":1,\"name\":\"Accueil\",\"item\":\"https:\/\/articim.fr\/\"},{\"@type\":\"ListItem\",\"position\":2,\"name\":\"Mentions L\u00e9gales\"}]},{\"@type\":\"WebSite\",\"@id\":\"https:\/\/articim.fr\/#website\",\"url\":\"https:\/\/articim.fr\/\",\"name\":\"articim\",\"description\":\"Le geste Fran\u00e7ais\",\"publisher\":{\"@id\":\"https:\/\/articim.fr\/#organization\"},\"potentialAction\":[{\"@type\":\"SearchAction\",\"target\":{\"@type\":\"EntryPoint\",\"urlTemplate\":\"https:\/\/articim.fr\/?s={search_term_string}\"},\"query-input\":{\"@type\":\"PropertyValueSpecification\",\"valueRequired\":true,\"valueName\":\"search_term_string\"}}],\"inLanguage\":\"fr-FR\"},{\"@type\":\"Organization\",\"@id\":\"https:\/\/articim.fr\/#organization\",\"name\":\"articim\",\"url\":\"https:\/\/articim.fr\/\",\"logo\":{\"@type\":\"ImageObject\",\"inLanguage\":\"fr-FR\",\"@id\":\"https:\/\/articim.fr\/#\/schema\/logo\/image\/\",\"url\":\"http:\/\/articim.fr\/wp-content\/uploads\/2025\/02\/cropped-Logo-Articim-noir.png\",\"contentUrl\":\"http:\/\/articim.fr\/wp-content\/uploads\/2025\/02\/cropped-Logo-Articim-noir.png\",\"width\":512,\"height\":512,\"caption\":\"articim\"},\"image\":{\"@id\":\"https:\/\/articim.fr\/#\/schema\/logo\/image\/\"},\"sameAs\":[\"https:\/\/fr.linkedin.com\/company\/articim\"]}]}<\/script>\n<!-- \/ Yoast SEO plugin. -->","yoast_head_json":{"title":"Mentions L\u00e9gales - articim","robots":{"index":"index","follow":"follow","max-snippet":"max-snippet:-1","max-image-preview":"max-image-preview:large","max-video-preview":"max-video-preview:-1"},"canonical":"https:\/\/articim.fr\/?page_id=126","og_locale":"fr_FR","og_type":"article","og_title":"Mentions L\u00e9gales - articim","og_description":"MENTIONS LEGALES : Conform\u00e9ment aux obligations de l&rsquo;article 6-III et 19 de la Loi n\u00b0 2004-575 du 21 juin 2004 relative \u00e0 la Confiance dans l&rsquo;\u00e9conomie num\u00e9rique, dite L.C.E.N., nous portons \u00e0 la connaissance des utilisateurs du site :&nbsp;articim.fr&nbsp;Ces informations ci-jointe : 1. Bulletin l\u00e9gales : Le site&nbsp;articim.fr&nbsp;est la propri\u00e9t\u00e9 absolue de&nbsp;SAS&nbsp;Articim, qui l&rsquo;\u00e9dite. SAS&nbsp;Articim&nbsp;&#8211; &hellip; Lire la suite de\u00ab\u00a0Mentions L\u00e9gales\u00a0\u00bb","og_url":"https:\/\/articim.fr\/?page_id=126","og_site_name":"articim","twitter_card":"summary_large_image","twitter_misc":{"Dur\u00e9e de lecture estim\u00e9e":"6 minutes"},"schema":{"@context":"https:\/\/schema.org","@graph":[{"@type":"WebPage","@id":"https:\/\/articim.fr\/?page_id=126","url":"https:\/\/articim.fr\/?page_id=126","name":"Mentions L\u00e9gales - articim","isPartOf":{"@id":"https:\/\/articim.fr\/#website"},"datePublished":"2023-10-12T07:28:08+00:00","breadcrumb":{"@id":"https:\/\/articim.fr\/?page_id=126#breadcrumb"},"inLanguage":"fr-FR","potentialAction":[{"@type":"ReadAction","target":["https:\/\/articim.fr\/?page_id=126"]}]},{"@type":"BreadcrumbList","@id":"https:\/\/articim.fr\/?page_id=126#breadcrumb","itemListElement":[{"@type":"ListItem","position":1,"name":"Accueil","item":"https:\/\/articim.fr\/"},{"@type":"ListItem","position":2,"name":"Mentions L\u00e9gales"}]},{"@type":"WebSite","@id":"https:\/\/articim.fr\/#website","url":"https:\/\/articim.fr\/","name":"articim","description":"Le geste Fran\u00e7ais","publisher":{"@id":"https:\/\/articim.fr\/#organization"},"potentialAction":[{"@type":"SearchAction","target":{"@type":"EntryPoint","urlTemplate":"https:\/\/articim.fr\/?s={search_term_string}"},"query-input":{"@type":"PropertyValueSpecification","valueRequired":true,"valueName":"search_term_string"}}],"inLanguage":"fr-FR"},{"@type":"Organization","@id":"https:\/\/articim.fr\/#organization","name":"articim","url":"https:\/\/articim.fr\/","logo":{"@type":"ImageObject","inLanguage":"fr-FR","@id":"https:\/\/articim.fr\/#\/schema\/logo\/image\/","url":"http:\/\/articim.fr\/wp-content\/uploads\/2025\/02\/cropped-Logo-Articim-noir.png","contentUrl":"http:\/\/articim.fr\/wp-content\/uploads\/2025\/02\/cropped-Logo-Articim-noir.png","width":512,"height":512,"caption":"articim"},"image":{"@id":"https:\/\/articim.fr\/#\/schema\/logo\/image\/"},"sameAs":["https:\/\/fr.linkedin.com\/company\/articim"]}]}},"_links":{"self":[{"href":"https:\/\/articim.fr\/index.php?rest_route=\/wp\/v2\/pages\/126","targetHints":{"allow":["GET"]}}],"collection":[{"href":"https:\/\/articim.fr\/index.php?rest_route=\/wp\/v2\/pages"}],"about":[{"href":"https:\/\/articim.fr\/index.php?rest_route=\/wp\/v2\/types\/page"}],"author":[{"embeddable":true,"href":"https:\/\/articim.fr\/index.php?rest_route=\/wp\/v2\/users\/1"}],"replies":[{"embeddable":true,"href":"https:\/\/articim.fr\/index.php?rest_route=%2Fwp%2Fv2%2Fcomments&post=126"}],"version-history":[{"count":1,"href":"https:\/\/articim.fr\/index.php?rest_route=\/wp\/v2\/pages\/126\/revisions"}],"predecessor-version":[{"id":127,"href":"https:\/\/articim.fr\/index.php?rest_route=\/wp\/v2\/pages\/126\/revisions\/127"}],"wp:attachment":[{"href":"https:\/\/articim.fr\/index.php?rest_route=%2Fwp%2Fv2%2Fmedia&parent=126"}],"curies":[{"name":"wp","href":"https:\/\/api.w.org\/{rel}","templated":true}]}}