{"id":221,"date":"2025-03-31T10:44:52","date_gmt":"2025-03-31T08:44:52","guid":{"rendered":"https:\/\/articim.fr\/?page_id=221"},"modified":"2025-03-31T14:17:37","modified_gmt":"2025-03-31T12:17:37","slug":"innovation","status":"publish","type":"page","link":"https:\/\/articim.fr\/?page_id=221","title":{"rendered":"Innovation"},"content":{"rendered":"\n<p class=\"has-text-align-left has-medium-font-size\">Chez <strong>Articim<\/strong>, nous sommes d\u00e9di\u00e9s \u00e0 soutenir l&rsquo;excellence fran\u00e7aise en aidant les entreprises \u00e0 obtenir les financements publics n\u00e9cessaires \u00e0 leur croissance. Nous nous appuyons sur l&rsquo;expertise et les ann\u00e9es d&rsquo;exp\u00e9rience du groupe <strong>Blueness<\/strong>, sp\u00e9cialis\u00e9e dans le financement de l&rsquo;innovation.<\/p>\n\n\n\n<p class=\"has-text-align-left has-medium-font-size\">Nous vous accompagnons dans l&rsquo;obtention de dispositifs tels que le Cr\u00e9dit d&rsquo;Imp\u00f4t Innovation (CII), le Cr\u00e9dit d&rsquo;Imp\u00f4t Recherche (CIR), l&rsquo;IP BOX, statut JEI, &#8230;<\/p>\n\n\n\n<p class=\"has-text-align-left has-medium-font-size\">Fort de son exp\u00e9rience et de son savoir-faire, le groupe propose une gamme compl\u00e8te de services pour soutenir vos projets innovants.<\/p>\n\n\n\n<p class=\"has-text-align-left has-medium-font-size\">Ensemble, nous faisons en sorte que votre entreprise b\u00e9n\u00e9ficie des meilleures opportunit\u00e9s pour innover et se d\u00e9velopper.<\/p>\n\n\n\n<p class=\"has-text-align-left has-medium-font-size\">Pour en savoir plus sur nos services en financement de l&rsquo;innovation, visitez le site de Blueness : <a href=\"http:\/\/www.blueness.fr\/\">www.blueness.fr<\/a>.<\/p>\n\n\n\n<figure class=\"wp-block-image size-large\"><a href=\"https:\/\/blueness.fr\/\" target=\"_blank\" rel=\"UGC\"><img loading=\"lazy\" decoding=\"async\" width=\"1024\" height=\"516\" src=\"https:\/\/articim.fr\/wp-content\/uploads\/2023\/09\/logo-blueness-1024x516.png\" alt=\"\" class=\"wp-image-79\" srcset=\"https:\/\/articim.fr\/wp-content\/uploads\/2023\/09\/logo-blueness-1024x516.png 1024w, https:\/\/articim.fr\/wp-content\/uploads\/2023\/09\/logo-blueness-300x151.png 300w, https:\/\/articim.fr\/wp-content\/uploads\/2023\/09\/logo-blueness-768x387.png 768w, https:\/\/articim.fr\/wp-content\/uploads\/2023\/09\/logo-blueness.png 1033w\" sizes=\"auto, (max-width: 1024px) 100vw, 1024px\" \/><\/a><\/figure>\n","protected":false},"excerpt":{"rendered":"<p>Chez Articim, nous sommes d\u00e9di\u00e9s \u00e0 soutenir l&rsquo;excellence fran\u00e7aise en aidant les entreprises \u00e0 obtenir les financements publics n\u00e9cessaires \u00e0 leur croissance. Nous nous appuyons sur l&rsquo;expertise et les ann\u00e9es d&rsquo;exp\u00e9rience du groupe Blueness, sp\u00e9cialis\u00e9e dans le financement de l&rsquo;innovation. Nous vous accompagnons dans l&rsquo;obtention de dispositifs tels que le Cr\u00e9dit d&rsquo;Imp\u00f4t Innovation (CII), le &hellip; <\/p>\n<p class=\"link-more\"><a href=\"https:\/\/articim.fr\/?page_id=221\" class=\"more-link\">Lire la suite de<span class=\"screen-reader-text\">\u00ab\u00a0Innovation\u00a0\u00bb<\/span><\/a><\/p>\n","protected":false},"author":1,"featured_media":0,"parent":0,"menu_order":0,"comment_status":"closed","ping_status":"closed","template":"","meta":{"footnotes":""},"class_list":["post-221","page","type-page","status-publish","hentry"],"yoast_head":"<!-- This site is optimized with the Yoast SEO plugin v26.7 - https:\/\/yoast.com\/wordpress\/plugins\/seo\/ -->\n<title>Innovation - articim<\/title>\n<meta name=\"robots\" content=\"index, follow, max-snippet:-1, max-image-preview:large, max-video-preview:-1\" \/>\n<link rel=\"canonical\" href=\"https:\/\/articim.fr\/?page_id=221\" \/>\n<meta property=\"og:locale\" content=\"fr_FR\" \/>\n<meta property=\"og:type\" content=\"article\" \/>\n<meta property=\"og:title\" content=\"Innovation - articim\" \/>\n<meta property=\"og:description\" content=\"Chez Articim, nous sommes d\u00e9di\u00e9s \u00e0 soutenir l&rsquo;excellence fran\u00e7aise en aidant les entreprises \u00e0 obtenir les financements publics n\u00e9cessaires \u00e0 leur croissance. Nous nous appuyons sur l&rsquo;expertise et les ann\u00e9es d&rsquo;exp\u00e9rience du groupe Blueness, sp\u00e9cialis\u00e9e dans le financement de l&rsquo;innovation. Nous vous accompagnons dans l&rsquo;obtention de dispositifs tels que le Cr\u00e9dit d&rsquo;Imp\u00f4t Innovation (CII), le &hellip; Lire la suite de\u00ab\u00a0Innovation\u00a0\u00bb\" \/>\n<meta property=\"og:url\" content=\"https:\/\/articim.fr\/?page_id=221\" \/>\n<meta property=\"og:site_name\" content=\"articim\" \/>\n<meta property=\"article:modified_time\" content=\"2025-03-31T12:17:37+00:00\" \/>\n<meta property=\"og:image\" content=\"http:\/\/articim.fr\/wp-content\/uploads\/2023\/09\/logo-blueness-1024x516.png\" \/>\n<meta name=\"twitter:card\" content=\"summary_large_image\" \/>\n<meta name=\"twitter:label1\" content=\"Dur\u00e9e de lecture estim\u00e9e\" \/>\n\t<meta name=\"twitter:data1\" content=\"1 minute\" \/>\n<script type=\"application\/ld+json\" class=\"yoast-schema-graph\">{\"@context\":\"https:\/\/schema.org\",\"@graph\":[{\"@type\":\"WebPage\",\"@id\":\"https:\/\/articim.fr\/?page_id=221\",\"url\":\"https:\/\/articim.fr\/?page_id=221\",\"name\":\"Innovation - articim\",\"isPartOf\":{\"@id\":\"https:\/\/articim.fr\/#website\"},\"primaryImageOfPage\":{\"@id\":\"https:\/\/articim.fr\/?page_id=221#primaryimage\"},\"image\":{\"@id\":\"https:\/\/articim.fr\/?page_id=221#primaryimage\"},\"thumbnailUrl\":\"http:\/\/articim.fr\/wp-content\/uploads\/2023\/09\/logo-blueness-1024x516.png\",\"datePublished\":\"2025-03-31T08:44:52+00:00\",\"dateModified\":\"2025-03-31T12:17:37+00:00\",\"breadcrumb\":{\"@id\":\"https:\/\/articim.fr\/?page_id=221#breadcrumb\"},\"inLanguage\":\"fr-FR\",\"potentialAction\":[{\"@type\":\"ReadAction\",\"target\":[\"https:\/\/articim.fr\/?page_id=221\"]}]},{\"@type\":\"ImageObject\",\"inLanguage\":\"fr-FR\",\"@id\":\"https:\/\/articim.fr\/?page_id=221#primaryimage\",\"url\":\"https:\/\/articim.fr\/wp-content\/uploads\/2023\/09\/logo-blueness.png\",\"contentUrl\":\"https:\/\/articim.fr\/wp-content\/uploads\/2023\/09\/logo-blueness.png\",\"width\":1033,\"height\":521},{\"@type\":\"BreadcrumbList\",\"@id\":\"https:\/\/articim.fr\/?page_id=221#breadcrumb\",\"itemListElement\":[{\"@type\":\"ListItem\",\"position\":1,\"name\":\"Accueil\",\"item\":\"https:\/\/articim.fr\/\"},{\"@type\":\"ListItem\",\"position\":2,\"name\":\"Innovation\"}]},{\"@type\":\"WebSite\",\"@id\":\"https:\/\/articim.fr\/#website\",\"url\":\"https:\/\/articim.fr\/\",\"name\":\"articim\",\"description\":\"Le geste Fran\u00e7ais\",\"publisher\":{\"@id\":\"https:\/\/articim.fr\/#organization\"},\"potentialAction\":[{\"@type\":\"SearchAction\",\"target\":{\"@type\":\"EntryPoint\",\"urlTemplate\":\"https:\/\/articim.fr\/?s={search_term_string}\"},\"query-input\":{\"@type\":\"PropertyValueSpecification\",\"valueRequired\":true,\"valueName\":\"search_term_string\"}}],\"inLanguage\":\"fr-FR\"},{\"@type\":\"Organization\",\"@id\":\"https:\/\/articim.fr\/#organization\",\"name\":\"articim\",\"url\":\"https:\/\/articim.fr\/\",\"logo\":{\"@type\":\"ImageObject\",\"inLanguage\":\"fr-FR\",\"@id\":\"https:\/\/articim.fr\/#\/schema\/logo\/image\/\",\"url\":\"http:\/\/articim.fr\/wp-content\/uploads\/2025\/02\/cropped-Logo-Articim-noir.png\",\"contentUrl\":\"http:\/\/articim.fr\/wp-content\/uploads\/2025\/02\/cropped-Logo-Articim-noir.png\",\"width\":512,\"height\":512,\"caption\":\"articim\"},\"image\":{\"@id\":\"https:\/\/articim.fr\/#\/schema\/logo\/image\/\"},\"sameAs\":[\"https:\/\/fr.linkedin.com\/company\/articim\"]}]}<\/script>\n<!-- \/ Yoast SEO plugin. -->","yoast_head_json":{"title":"Innovation - articim","robots":{"index":"index","follow":"follow","max-snippet":"max-snippet:-1","max-image-preview":"max-image-preview:large","max-video-preview":"max-video-preview:-1"},"canonical":"https:\/\/articim.fr\/?page_id=221","og_locale":"fr_FR","og_type":"article","og_title":"Innovation - articim","og_description":"Chez Articim, nous sommes d\u00e9di\u00e9s \u00e0 soutenir l&rsquo;excellence fran\u00e7aise en aidant les entreprises \u00e0 obtenir les financements publics n\u00e9cessaires \u00e0 leur croissance. Nous nous appuyons sur l&rsquo;expertise et les ann\u00e9es d&rsquo;exp\u00e9rience du groupe Blueness, sp\u00e9cialis\u00e9e dans le financement de l&rsquo;innovation. Nous vous accompagnons dans l&rsquo;obtention de dispositifs tels que le Cr\u00e9dit d&rsquo;Imp\u00f4t Innovation (CII), le &hellip; Lire la suite de\u00ab\u00a0Innovation\u00a0\u00bb","og_url":"https:\/\/articim.fr\/?page_id=221","og_site_name":"articim","article_modified_time":"2025-03-31T12:17:37+00:00","og_image":[{"url":"http:\/\/articim.fr\/wp-content\/uploads\/2023\/09\/logo-blueness-1024x516.png","type":"","width":"","height":""}],"twitter_card":"summary_large_image","twitter_misc":{"Dur\u00e9e de lecture estim\u00e9e":"1 minute"},"schema":{"@context":"https:\/\/schema.org","@graph":[{"@type":"WebPage","@id":"https:\/\/articim.fr\/?page_id=221","url":"https:\/\/articim.fr\/?page_id=221","name":"Innovation - articim","isPartOf":{"@id":"https:\/\/articim.fr\/#website"},"primaryImageOfPage":{"@id":"https:\/\/articim.fr\/?page_id=221#primaryimage"},"image":{"@id":"https:\/\/articim.fr\/?page_id=221#primaryimage"},"thumbnailUrl":"http:\/\/articim.fr\/wp-content\/uploads\/2023\/09\/logo-blueness-1024x516.png","datePublished":"2025-03-31T08:44:52+00:00","dateModified":"2025-03-31T12:17:37+00:00","breadcrumb":{"@id":"https:\/\/articim.fr\/?page_id=221#breadcrumb"},"inLanguage":"fr-FR","potentialAction":[{"@type":"ReadAction","target":["https:\/\/articim.fr\/?page_id=221"]}]},{"@type":"ImageObject","inLanguage":"fr-FR","@id":"https:\/\/articim.fr\/?page_id=221#primaryimage","url":"https:\/\/articim.fr\/wp-content\/uploads\/2023\/09\/logo-blueness.png","contentUrl":"https:\/\/articim.fr\/wp-content\/uploads\/2023\/09\/logo-blueness.png","width":1033,"height":521},{"@type":"BreadcrumbList","@id":"https:\/\/articim.fr\/?page_id=221#breadcrumb","itemListElement":[{"@type":"ListItem","position":1,"name":"Accueil","item":"https:\/\/articim.fr\/"},{"@type":"ListItem","position":2,"name":"Innovation"}]},{"@type":"WebSite","@id":"https:\/\/articim.fr\/#website","url":"https:\/\/articim.fr\/","name":"articim","description":"Le geste Fran\u00e7ais","publisher":{"@id":"https:\/\/articim.fr\/#organization"},"potentialAction":[{"@type":"SearchAction","target":{"@type":"EntryPoint","urlTemplate":"https:\/\/articim.fr\/?s={search_term_string}"},"query-input":{"@type":"PropertyValueSpecification","valueRequired":true,"valueName":"search_term_string"}}],"inLanguage":"fr-FR"},{"@type":"Organization","@id":"https:\/\/articim.fr\/#organization","name":"articim","url":"https:\/\/articim.fr\/","logo":{"@type":"ImageObject","inLanguage":"fr-FR","@id":"https:\/\/articim.fr\/#\/schema\/logo\/image\/","url":"http:\/\/articim.fr\/wp-content\/uploads\/2025\/02\/cropped-Logo-Articim-noir.png","contentUrl":"http:\/\/articim.fr\/wp-content\/uploads\/2025\/02\/cropped-Logo-Articim-noir.png","width":512,"height":512,"caption":"articim"},"image":{"@id":"https:\/\/articim.fr\/#\/schema\/logo\/image\/"},"sameAs":["https:\/\/fr.linkedin.com\/company\/articim"]}]}},"_links":{"self":[{"href":"https:\/\/articim.fr\/index.php?rest_route=\/wp\/v2\/pages\/221","targetHints":{"allow":["GET"]}}],"collection":[{"href":"https:\/\/articim.fr\/index.php?rest_route=\/wp\/v2\/pages"}],"about":[{"href":"https:\/\/articim.fr\/index.php?rest_route=\/wp\/v2\/types\/page"}],"author":[{"embeddable":true,"href":"https:\/\/articim.fr\/index.php?rest_route=\/wp\/v2\/users\/1"}],"replies":[{"embeddable":true,"href":"https:\/\/articim.fr\/index.php?rest_route=%2Fwp%2Fv2%2Fcomments&post=221"}],"version-history":[{"count":6,"href":"https:\/\/articim.fr\/index.php?rest_route=\/wp\/v2\/pages\/221\/revisions"}],"predecessor-version":[{"id":239,"href":"https:\/\/articim.fr\/index.php?rest_route=\/wp\/v2\/pages\/221\/revisions\/239"}],"wp:attachment":[{"href":"https:\/\/articim.fr\/index.php?rest_route=%2Fwp%2Fv2%2Fmedia&parent=221"}],"curies":[{"name":"wp","href":"https:\/\/api.w.org\/{rel}","templated":true}]}}