{"id":248,"date":"2025-05-16T10:48:01","date_gmt":"2025-05-16T08:48:01","guid":{"rendered":"https:\/\/articim.fr\/?page_id=248"},"modified":"2025-07-31T11:06:06","modified_gmt":"2025-07-31T09:06:06","slug":"articim-fr-audit-charges-sociales-taux-atmp","status":"publish","type":"page","link":"https:\/\/articim.fr\/?page_id=248","title":{"rendered":"Optimisation du BFR"},"content":{"rendered":"\n<h3 class=\"wp-block-heading\">Optimisez votre BFR avec notre audit des charges sociales<\/h3>\n\n\n\n<p>La gestion de la paie est une fonction complexe et exigeante, notamment en mati\u00e8re de l\u00e9gislation sociale et des risques encourus en cas de non-conformit\u00e9. Pour mieux y faire face, Articim vous propose un audit des charges sociales r\u00e9alis\u00e9 par nos experts.<\/p>\n\n\n\n<p>Nous vous proposons une \u00e9tude approfondie de tous les taux et bases de cotisations (URSSAF, P\u00f4le Emploi, Caisses de retraite, etc.) ainsi que la juste tarification des taux de cotisation AT\/MP afin de les optimiser dans l&rsquo;int\u00e9r\u00eat de votre entreprise tout en pr\u00e9servant ceux de vos salari\u00e9s.<\/p>\n\n\n\n<p>Nous rep\u00e9rons \u00e9galement les \u00e9ventuelles anomalies de param\u00e9trage des logiciels de paie. \u00c0 vos c\u00f4t\u00e9s, nos experts mettent en \u0153uvre des prestations \u00e0 forte valeur ajout\u00e9e et analysent de mani\u00e8re pr\u00e9cise les potentiels d&rsquo;\u00e9conomies r\u00e9alisables dans le futur comme sur le pass\u00e9 en profitant de la p\u00e9riode de prescription de trois ans.<\/p>\n\n\n\n<h4 class=\"wp-block-heading\">Pourquoi choisir notre \u00e9tude des charges sociales ?<\/h4>\n\n\n\n<ol class=\"wp-block-list\">\n<li><strong>Expertise Approfondie<\/strong> : Nos experts analysent en d\u00e9tail votre syst\u00e8me de paie actuel pour d\u00e9tecter les anomalies et les surco\u00fbts \u00e9ventuels.<\/li>\n\n\n\n<li><strong>\u00c9conomies Substantielles<\/strong> : Gr\u00e2ce \u00e0 notre audit, de nombreuses entreprises ont pu r\u00e9duire leurs charges sociales de mani\u00e8re significative, lib\u00e9rant ainsi des ressources financi\u00e8res pour d&rsquo;autres investissements.<\/li>\n\n\n\n<li><strong>Approche Personnalis\u00e9e<\/strong> : Nous adaptons notre m\u00e9thodologie \u00e0 vos besoins sp\u00e9cifiques pour vous offrir des solutions sur mesure.<\/li>\n\n\n\n<li><strong>S\u00e9curit\u00e9 et Conformit\u00e9<\/strong> : Nous veillons \u00e0 ce que toutes les optimisations propos\u00e9es soient conformes \u00e0 la l\u00e9gislation en vigueur.<\/li>\n\n\n\n<li><strong>R\u00e9mun\u00e9ration au R\u00e9sultat<\/strong> : Notre r\u00e9mun\u00e9ration est exclusivement bas\u00e9e sur les \u00e9conomies r\u00e9alis\u00e9es, ce qui signifie qu&rsquo;il n&rsquo;y a aucun risque financier pour vous.<\/li>\n<\/ol>\n\n\n\n<p> <\/p>\n\n\n\n<p> <\/p>\n\n\n\n<figure class=\"wp-block-image aligncenter size-large\"><img loading=\"lazy\" decoding=\"async\" width=\"1024\" height=\"775\" src=\"https:\/\/articim.fr\/wp-content\/uploads\/2025\/05\/f3e9d554-9084-408a-a407-7ae8db182c52-1024x775.jpg\" alt=\"\" class=\"wp-image-252\" srcset=\"https:\/\/articim.fr\/wp-content\/uploads\/2025\/05\/f3e9d554-9084-408a-a407-7ae8db182c52-1024x775.jpg 1024w, https:\/\/articim.fr\/wp-content\/uploads\/2025\/05\/f3e9d554-9084-408a-a407-7ae8db182c52-300x227.jpg 300w, https:\/\/articim.fr\/wp-content\/uploads\/2025\/05\/f3e9d554-9084-408a-a407-7ae8db182c52-768x581.jpg 768w, https:\/\/articim.fr\/wp-content\/uploads\/2025\/05\/f3e9d554-9084-408a-a407-7ae8db182c52-1536x1162.jpg 1536w, https:\/\/articim.fr\/wp-content\/uploads\/2025\/05\/f3e9d554-9084-408a-a407-7ae8db182c52-2048x1550.jpg 2048w, https:\/\/articim.fr\/wp-content\/uploads\/2025\/05\/f3e9d554-9084-408a-a407-7ae8db182c52-2000x1514.jpg 2000w\" sizes=\"auto, (max-width: 1024px) 100vw, 1024px\" \/><\/figure>\n","protected":false},"excerpt":{"rendered":"<p>Optimisez votre BFR avec notre audit des charges sociales La gestion de la paie est une fonction complexe et exigeante, notamment en mati\u00e8re de l\u00e9gislation sociale et des risques encourus en cas de non-conformit\u00e9. Pour mieux y faire face, Articim vous propose un audit des charges sociales r\u00e9alis\u00e9 par nos experts. Nous vous proposons une &hellip; <\/p>\n<p class=\"link-more\"><a href=\"https:\/\/articim.fr\/?page_id=248\" class=\"more-link\">Lire la suite de<span class=\"screen-reader-text\">\u00ab\u00a0Optimisation du BFR\u00a0\u00bb<\/span><\/a><\/p>\n","protected":false},"author":1,"featured_media":0,"parent":0,"menu_order":0,"comment_status":"closed","ping_status":"closed","template":"","meta":{"footnotes":""},"class_list":["post-248","page","type-page","status-publish","hentry"],"yoast_head":"<!-- This site is optimized with the Yoast SEO plugin v26.7 - https:\/\/yoast.com\/wordpress\/plugins\/seo\/ -->\n<title>Optimisation du BFR - articim<\/title>\n<meta name=\"description\" content=\"Optimisez vos charges sociales et r\u00e9duisez votre taux AT\/MP avec notre audit sp\u00e9cialis\u00e9. D\u00e9couvrez nos solutions sur mesure.\" \/>\n<meta name=\"robots\" content=\"index, follow, max-snippet:-1, max-image-preview:large, max-video-preview:-1\" \/>\n<link rel=\"canonical\" href=\"https:\/\/articim.fr\/?page_id=248\" \/>\n<meta property=\"og:locale\" content=\"fr_FR\" \/>\n<meta property=\"og:type\" content=\"article\" \/>\n<meta property=\"og:title\" content=\"Optimisation du BFR - articim\" \/>\n<meta property=\"og:description\" content=\"Optimisez vos charges sociales et r\u00e9duisez votre taux AT\/MP avec notre audit sp\u00e9cialis\u00e9. D\u00e9couvrez nos solutions sur mesure.\" \/>\n<meta property=\"og:url\" content=\"https:\/\/articim.fr\/?page_id=248\" \/>\n<meta property=\"og:site_name\" content=\"articim\" \/>\n<meta property=\"article:modified_time\" content=\"2025-07-31T09:06:06+00:00\" \/>\n<meta property=\"og:image\" content=\"https:\/\/articim.fr\/wp-content\/uploads\/2025\/05\/f3e9d554-9084-408a-a407-7ae8db182c52-1024x775.jpg\" \/>\n<meta name=\"twitter:card\" content=\"summary_large_image\" \/>\n<meta name=\"twitter:label1\" content=\"Dur\u00e9e de lecture estim\u00e9e\" \/>\n\t<meta name=\"twitter:data1\" content=\"2 minutes\" \/>\n<script type=\"application\/ld+json\" class=\"yoast-schema-graph\">{\"@context\":\"https:\/\/schema.org\",\"@graph\":[{\"@type\":\"WebPage\",\"@id\":\"https:\/\/articim.fr\/?page_id=248\",\"url\":\"https:\/\/articim.fr\/?page_id=248\",\"name\":\"Optimisation du BFR - articim\",\"isPartOf\":{\"@id\":\"https:\/\/articim.fr\/#website\"},\"primaryImageOfPage\":{\"@id\":\"https:\/\/articim.fr\/?page_id=248#primaryimage\"},\"image\":{\"@id\":\"https:\/\/articim.fr\/?page_id=248#primaryimage\"},\"thumbnailUrl\":\"https:\/\/articim.fr\/wp-content\/uploads\/2025\/05\/f3e9d554-9084-408a-a407-7ae8db182c52-1024x775.jpg\",\"datePublished\":\"2025-05-16T08:48:01+00:00\",\"dateModified\":\"2025-07-31T09:06:06+00:00\",\"description\":\"Optimisez vos charges sociales et r\u00e9duisez votre taux AT\/MP avec notre audit sp\u00e9cialis\u00e9. D\u00e9couvrez nos solutions sur mesure.\",\"breadcrumb\":{\"@id\":\"https:\/\/articim.fr\/?page_id=248#breadcrumb\"},\"inLanguage\":\"fr-FR\",\"potentialAction\":[{\"@type\":\"ReadAction\",\"target\":[\"https:\/\/articim.fr\/?page_id=248\"]}]},{\"@type\":\"ImageObject\",\"inLanguage\":\"fr-FR\",\"@id\":\"https:\/\/articim.fr\/?page_id=248#primaryimage\",\"url\":\"https:\/\/articim.fr\/wp-content\/uploads\/2025\/05\/f3e9d554-9084-408a-a407-7ae8db182c52.jpg\",\"contentUrl\":\"https:\/\/articim.fr\/wp-content\/uploads\/2025\/05\/f3e9d554-9084-408a-a407-7ae8db182c52.jpg\",\"width\":2368,\"height\":1792},{\"@type\":\"BreadcrumbList\",\"@id\":\"https:\/\/articim.fr\/?page_id=248#breadcrumb\",\"itemListElement\":[{\"@type\":\"ListItem\",\"position\":1,\"name\":\"Accueil\",\"item\":\"https:\/\/articim.fr\/\"},{\"@type\":\"ListItem\",\"position\":2,\"name\":\"Optimisation du BFR\"}]},{\"@type\":\"WebSite\",\"@id\":\"https:\/\/articim.fr\/#website\",\"url\":\"https:\/\/articim.fr\/\",\"name\":\"articim\",\"description\":\"Le geste Fran\u00e7ais\",\"publisher\":{\"@id\":\"https:\/\/articim.fr\/#organization\"},\"potentialAction\":[{\"@type\":\"SearchAction\",\"target\":{\"@type\":\"EntryPoint\",\"urlTemplate\":\"https:\/\/articim.fr\/?s={search_term_string}\"},\"query-input\":{\"@type\":\"PropertyValueSpecification\",\"valueRequired\":true,\"valueName\":\"search_term_string\"}}],\"inLanguage\":\"fr-FR\"},{\"@type\":\"Organization\",\"@id\":\"https:\/\/articim.fr\/#organization\",\"name\":\"articim\",\"url\":\"https:\/\/articim.fr\/\",\"logo\":{\"@type\":\"ImageObject\",\"inLanguage\":\"fr-FR\",\"@id\":\"https:\/\/articim.fr\/#\/schema\/logo\/image\/\",\"url\":\"http:\/\/articim.fr\/wp-content\/uploads\/2025\/02\/cropped-Logo-Articim-noir.png\",\"contentUrl\":\"http:\/\/articim.fr\/wp-content\/uploads\/2025\/02\/cropped-Logo-Articim-noir.png\",\"width\":512,\"height\":512,\"caption\":\"articim\"},\"image\":{\"@id\":\"https:\/\/articim.fr\/#\/schema\/logo\/image\/\"},\"sameAs\":[\"https:\/\/fr.linkedin.com\/company\/articim\"]}]}<\/script>\n<!-- \/ Yoast SEO plugin. -->","yoast_head_json":{"title":"Optimisation du BFR - articim","description":"Optimisez vos charges sociales et r\u00e9duisez votre taux AT\/MP avec notre audit sp\u00e9cialis\u00e9. D\u00e9couvrez nos solutions sur mesure.","robots":{"index":"index","follow":"follow","max-snippet":"max-snippet:-1","max-image-preview":"max-image-preview:large","max-video-preview":"max-video-preview:-1"},"canonical":"https:\/\/articim.fr\/?page_id=248","og_locale":"fr_FR","og_type":"article","og_title":"Optimisation du BFR - articim","og_description":"Optimisez vos charges sociales et r\u00e9duisez votre taux AT\/MP avec notre audit sp\u00e9cialis\u00e9. D\u00e9couvrez nos solutions sur mesure.","og_url":"https:\/\/articim.fr\/?page_id=248","og_site_name":"articim","article_modified_time":"2025-07-31T09:06:06+00:00","og_image":[{"url":"https:\/\/articim.fr\/wp-content\/uploads\/2025\/05\/f3e9d554-9084-408a-a407-7ae8db182c52-1024x775.jpg","type":"","width":"","height":""}],"twitter_card":"summary_large_image","twitter_misc":{"Dur\u00e9e de lecture estim\u00e9e":"2 minutes"},"schema":{"@context":"https:\/\/schema.org","@graph":[{"@type":"WebPage","@id":"https:\/\/articim.fr\/?page_id=248","url":"https:\/\/articim.fr\/?page_id=248","name":"Optimisation du BFR - articim","isPartOf":{"@id":"https:\/\/articim.fr\/#website"},"primaryImageOfPage":{"@id":"https:\/\/articim.fr\/?page_id=248#primaryimage"},"image":{"@id":"https:\/\/articim.fr\/?page_id=248#primaryimage"},"thumbnailUrl":"https:\/\/articim.fr\/wp-content\/uploads\/2025\/05\/f3e9d554-9084-408a-a407-7ae8db182c52-1024x775.jpg","datePublished":"2025-05-16T08:48:01+00:00","dateModified":"2025-07-31T09:06:06+00:00","description":"Optimisez vos charges sociales et r\u00e9duisez votre taux AT\/MP avec notre audit sp\u00e9cialis\u00e9. D\u00e9couvrez nos solutions sur mesure.","breadcrumb":{"@id":"https:\/\/articim.fr\/?page_id=248#breadcrumb"},"inLanguage":"fr-FR","potentialAction":[{"@type":"ReadAction","target":["https:\/\/articim.fr\/?page_id=248"]}]},{"@type":"ImageObject","inLanguage":"fr-FR","@id":"https:\/\/articim.fr\/?page_id=248#primaryimage","url":"https:\/\/articim.fr\/wp-content\/uploads\/2025\/05\/f3e9d554-9084-408a-a407-7ae8db182c52.jpg","contentUrl":"https:\/\/articim.fr\/wp-content\/uploads\/2025\/05\/f3e9d554-9084-408a-a407-7ae8db182c52.jpg","width":2368,"height":1792},{"@type":"BreadcrumbList","@id":"https:\/\/articim.fr\/?page_id=248#breadcrumb","itemListElement":[{"@type":"ListItem","position":1,"name":"Accueil","item":"https:\/\/articim.fr\/"},{"@type":"ListItem","position":2,"name":"Optimisation du BFR"}]},{"@type":"WebSite","@id":"https:\/\/articim.fr\/#website","url":"https:\/\/articim.fr\/","name":"articim","description":"Le geste Fran\u00e7ais","publisher":{"@id":"https:\/\/articim.fr\/#organization"},"potentialAction":[{"@type":"SearchAction","target":{"@type":"EntryPoint","urlTemplate":"https:\/\/articim.fr\/?s={search_term_string}"},"query-input":{"@type":"PropertyValueSpecification","valueRequired":true,"valueName":"search_term_string"}}],"inLanguage":"fr-FR"},{"@type":"Organization","@id":"https:\/\/articim.fr\/#organization","name":"articim","url":"https:\/\/articim.fr\/","logo":{"@type":"ImageObject","inLanguage":"fr-FR","@id":"https:\/\/articim.fr\/#\/schema\/logo\/image\/","url":"http:\/\/articim.fr\/wp-content\/uploads\/2025\/02\/cropped-Logo-Articim-noir.png","contentUrl":"http:\/\/articim.fr\/wp-content\/uploads\/2025\/02\/cropped-Logo-Articim-noir.png","width":512,"height":512,"caption":"articim"},"image":{"@id":"https:\/\/articim.fr\/#\/schema\/logo\/image\/"},"sameAs":["https:\/\/fr.linkedin.com\/company\/articim"]}]}},"_links":{"self":[{"href":"https:\/\/articim.fr\/index.php?rest_route=\/wp\/v2\/pages\/248","targetHints":{"allow":["GET"]}}],"collection":[{"href":"https:\/\/articim.fr\/index.php?rest_route=\/wp\/v2\/pages"}],"about":[{"href":"https:\/\/articim.fr\/index.php?rest_route=\/wp\/v2\/types\/page"}],"author":[{"embeddable":true,"href":"https:\/\/articim.fr\/index.php?rest_route=\/wp\/v2\/users\/1"}],"replies":[{"embeddable":true,"href":"https:\/\/articim.fr\/index.php?rest_route=%2Fwp%2Fv2%2Fcomments&post=248"}],"version-history":[{"count":2,"href":"https:\/\/articim.fr\/index.php?rest_route=\/wp\/v2\/pages\/248\/revisions"}],"predecessor-version":[{"id":253,"href":"https:\/\/articim.fr\/index.php?rest_route=\/wp\/v2\/pages\/248\/revisions\/253"}],"wp:attachment":[{"href":"https:\/\/articim.fr\/index.php?rest_route=%2Fwp%2Fv2%2Fmedia&parent=248"}],"curies":[{"name":"wp","href":"https:\/\/api.w.org\/{rel}","templated":true}]}}