{"id":44,"date":"2023-09-16T10:01:35","date_gmt":"2023-09-16T08:01:35","guid":{"rendered":"http:\/\/articim.fr\/?page_id=44"},"modified":"2026-01-07T17:55:07","modified_gmt":"2026-01-07T16:55:07","slug":"credit-impot-metiers-art-cima","status":"publish","type":"page","link":"https:\/\/articim.fr\/?page_id=44","title":{"rendered":"CIMA &#8211; Cr\u00e9dit d&rsquo;Imp\u00f4t en faveur des M\u00e9tiers d&rsquo;Art"},"content":{"rendered":"\n<p class=\"has-medium-font-size\" id=\"block-9af996b3-6094-479a-8b41-f5c64ec4772b\">Le Cr\u00e9dit d&rsquo;Imp\u00f4t en faveur des M\u00e9tiers d&rsquo;Art permet <strong>d&rsquo;all\u00e9ger les co\u00fbts de conception de nouveaux produits <\/strong>(co\u00fbts salariaux notamment), tout en encourageant l&rsquo;innovation et la cr\u00e9ation artisanale d&rsquo;excellence.<\/p>\n\n\n\n<p class=\"has-medium-font-size\" id=\"block-c31c5d6d-03f3-4cd0-b02f-34a6de3fe544\">Ce dispositif permet de r\u00e9cup\u00e9rer <strong>10% de certaines d\u00e9penses engag\u00e9es <\/strong>(15 % pour les Entreprise du patrimoine vivant) pour r\u00e9aliser des <strong>ouvrages fabriqu\u00e9s en un exemplaire ou en petite s\u00e9rie<\/strong>. <strong>Il est plafonn\u00e9 \u00e0 30 000 \u20ac<\/strong> par an.<\/p>\n\n\n\n<p class=\"has-medium-font-size\" id=\"block-c5883265-6acc-41dd-a428-b7e659a6a23b\">L&rsquo;entreprise doit \u00eatre en mesure <strong>d\u2019apporter la preuve <\/strong>que la production de l\u2019ouvrage ouvrant droit \u00e0 cr\u00e9dit d\u2019imp\u00f4t n&rsquo;exc\u00e8de pas la limite. Cette preuve peut \u00eatre \u00e9tablie par <strong>tous moyens.<\/strong><\/p>\n\n\n\n<p class=\"has-medium-font-size\" id=\"block-96ff28a6-8986-413f-a4e1-c4465db04409\">Depuis janvier 2017, une entreprise \u0153uvrant dans le domaine de la restauration du patrimoine peut \u00e9galement b\u00e9n\u00e9ficier du cr\u00e9dit d&rsquo;imp\u00f4t.<\/p>\n\n\n\n<p class=\"has-medium-font-size\">Certaines profession sont aussi \u00e9ligibles comme les bijoutiers, orf\u00e8vres, &#8230;<\/p>\n\n\n\n<p class=\"has-medium-font-size\">Notre connaissance du dispositif et de votre m\u00e9tier nous permet de <strong>s\u00e9curiser et d&rsquo;optimiser<\/strong> ce dispositif pour vous.<\/p>\n\n\n\n<figure class=\"wp-block-image aligncenter size-large\"><img loading=\"lazy\" decoding=\"async\" width=\"1024\" height=\"775\" src=\"https:\/\/articim.fr\/wp-content\/uploads\/2025\/02\/CIMA-1024x775.jpg\" alt=\"\" class=\"wp-image-209\" srcset=\"https:\/\/articim.fr\/wp-content\/uploads\/2025\/02\/CIMA-1024x775.jpg 1024w, https:\/\/articim.fr\/wp-content\/uploads\/2025\/02\/CIMA-300x227.jpg 300w, https:\/\/articim.fr\/wp-content\/uploads\/2025\/02\/CIMA-768x581.jpg 768w, https:\/\/articim.fr\/wp-content\/uploads\/2025\/02\/CIMA-1536x1162.jpg 1536w, https:\/\/articim.fr\/wp-content\/uploads\/2025\/02\/CIMA-2048x1550.jpg 2048w, https:\/\/articim.fr\/wp-content\/uploads\/2025\/02\/CIMA-2000x1514.jpg 2000w\" sizes=\"auto, (max-width: 1024px) 100vw, 1024px\" \/><figcaption class=\"wp-element-caption\">CIMA &#8211; Cr\u00e9dit d&rsquo;Imp\u00f4t en faveur des m\u00e9tiers d&rsquo;art <\/figcaption><\/figure>\n\n\n\n<p class=\"has-text-align-center\"><a href=\"https:\/\/articim.fr\/?page_id=215\" data-type=\"page\" data-id=\"215\">Liste des m\u00e9tiers \u00e9ligibles<\/a><\/p>\n\n\n\n<p><\/p>\n","protected":false},"excerpt":{"rendered":"<p>Le Cr\u00e9dit d&rsquo;Imp\u00f4t en faveur des M\u00e9tiers d&rsquo;Art permet d&rsquo;all\u00e9ger les co\u00fbts de conception de nouveaux produits (co\u00fbts salariaux notamment), tout en encourageant l&rsquo;innovation et la cr\u00e9ation artisanale d&rsquo;excellence. Ce dispositif permet de r\u00e9cup\u00e9rer 10% de certaines d\u00e9penses engag\u00e9es (15 % pour les Entreprise du patrimoine vivant) pour r\u00e9aliser des ouvrages fabriqu\u00e9s en un exemplaire &hellip; <\/p>\n<p class=\"link-more\"><a href=\"https:\/\/articim.fr\/?page_id=44\" class=\"more-link\">Lire la suite de<span class=\"screen-reader-text\">\u00ab\u00a0CIMA &#8211; Cr\u00e9dit d&rsquo;Imp\u00f4t en faveur des M\u00e9tiers d&rsquo;Art\u00a0\u00bb<\/span><\/a><\/p>\n","protected":false},"author":1,"featured_media":0,"parent":0,"menu_order":0,"comment_status":"closed","ping_status":"closed","template":"","meta":{"footnotes":""},"class_list":["post-44","page","type-page","status-publish","hentry"],"yoast_head":"<!-- This site is optimized with the Yoast SEO plugin v26.7 - https:\/\/yoast.com\/wordpress\/plugins\/seo\/ -->\n<title>CIMA - Cr\u00e9dit d&#039;Imp\u00f4t en faveur des M\u00e9tiers d&#039;Art - articim<\/title>\n<meta name=\"description\" content=\"B\u00e9n\u00e9ficiez du Cr\u00e9dit d\u2019Imp\u00f4t M\u00e9tiers d\u2019Art (CIMA) pour r\u00e9duire vos co\u00fbts de conception et valoriser votre savoir-faire fran\u00e7ais. Articim, expert en financements publics, vous accompagne pas \u00e0 pas pour optimiser votre dossier et s\u00e9curiser vos aides. D\u00e9couvrez comment en profiter d\u00e8s maintenant !\" \/>\n<meta name=\"robots\" content=\"index, follow, max-snippet:-1, max-image-preview:large, max-video-preview:-1\" \/>\n<link rel=\"canonical\" href=\"https:\/\/articim.fr\/?page_id=44\" \/>\n<meta property=\"og:locale\" content=\"fr_FR\" \/>\n<meta property=\"og:type\" content=\"article\" \/>\n<meta property=\"og:title\" content=\"CIMA - Cr\u00e9dit d&#039;Imp\u00f4t en faveur des M\u00e9tiers d&#039;Art - articim\" \/>\n<meta property=\"og:description\" content=\"B\u00e9n\u00e9ficiez du Cr\u00e9dit d\u2019Imp\u00f4t M\u00e9tiers d\u2019Art (CIMA) pour r\u00e9duire vos co\u00fbts de conception et valoriser votre savoir-faire fran\u00e7ais. Articim, expert en financements publics, vous accompagne pas \u00e0 pas pour optimiser votre dossier et s\u00e9curiser vos aides. D\u00e9couvrez comment en profiter d\u00e8s maintenant !\" \/>\n<meta property=\"og:url\" content=\"https:\/\/articim.fr\/?page_id=44\" \/>\n<meta property=\"og:site_name\" content=\"articim\" \/>\n<meta property=\"article:modified_time\" content=\"2026-01-07T16:55:07+00:00\" \/>\n<meta property=\"og:image\" content=\"http:\/\/articim.fr\/wp-content\/uploads\/2025\/02\/CIMA-1024x775.jpg\" \/>\n<meta name=\"twitter:card\" content=\"summary_large_image\" \/>\n<meta name=\"twitter:label1\" content=\"Dur\u00e9e de lecture estim\u00e9e\" \/>\n\t<meta name=\"twitter:data1\" content=\"2 minutes\" \/>\n<script type=\"application\/ld+json\" class=\"yoast-schema-graph\">{\"@context\":\"https:\/\/schema.org\",\"@graph\":[{\"@type\":\"WebPage\",\"@id\":\"https:\/\/articim.fr\/?page_id=44\",\"url\":\"https:\/\/articim.fr\/?page_id=44\",\"name\":\"CIMA - Cr\u00e9dit d'Imp\u00f4t en faveur des M\u00e9tiers d'Art - articim\",\"isPartOf\":{\"@id\":\"https:\/\/articim.fr\/#website\"},\"primaryImageOfPage\":{\"@id\":\"https:\/\/articim.fr\/?page_id=44#primaryimage\"},\"image\":{\"@id\":\"https:\/\/articim.fr\/?page_id=44#primaryimage\"},\"thumbnailUrl\":\"http:\/\/articim.fr\/wp-content\/uploads\/2025\/02\/CIMA-1024x775.jpg\",\"datePublished\":\"2023-09-16T08:01:35+00:00\",\"dateModified\":\"2026-01-07T16:55:07+00:00\",\"description\":\"B\u00e9n\u00e9ficiez du Cr\u00e9dit d\u2019Imp\u00f4t M\u00e9tiers d\u2019Art (CIMA) pour r\u00e9duire vos co\u00fbts de conception et valoriser votre savoir-faire fran\u00e7ais. Articim, expert en financements publics, vous accompagne pas \u00e0 pas pour optimiser votre dossier et s\u00e9curiser vos aides. D\u00e9couvrez comment en profiter d\u00e8s maintenant !\",\"breadcrumb\":{\"@id\":\"https:\/\/articim.fr\/?page_id=44#breadcrumb\"},\"inLanguage\":\"fr-FR\",\"potentialAction\":[{\"@type\":\"ReadAction\",\"target\":[\"https:\/\/articim.fr\/?page_id=44\"]}]},{\"@type\":\"ImageObject\",\"inLanguage\":\"fr-FR\",\"@id\":\"https:\/\/articim.fr\/?page_id=44#primaryimage\",\"url\":\"https:\/\/articim.fr\/wp-content\/uploads\/2025\/02\/CIMA.jpg\",\"contentUrl\":\"https:\/\/articim.fr\/wp-content\/uploads\/2025\/02\/CIMA.jpg\",\"width\":2368,\"height\":1792},{\"@type\":\"BreadcrumbList\",\"@id\":\"https:\/\/articim.fr\/?page_id=44#breadcrumb\",\"itemListElement\":[{\"@type\":\"ListItem\",\"position\":1,\"name\":\"Accueil\",\"item\":\"https:\/\/articim.fr\/\"},{\"@type\":\"ListItem\",\"position\":2,\"name\":\"CIMA &#8211; Cr\u00e9dit d&rsquo;Imp\u00f4t en faveur des M\u00e9tiers d&rsquo;Art\"}]},{\"@type\":\"WebSite\",\"@id\":\"https:\/\/articim.fr\/#website\",\"url\":\"https:\/\/articim.fr\/\",\"name\":\"articim\",\"description\":\"Le geste Fran\u00e7ais\",\"publisher\":{\"@id\":\"https:\/\/articim.fr\/#organization\"},\"potentialAction\":[{\"@type\":\"SearchAction\",\"target\":{\"@type\":\"EntryPoint\",\"urlTemplate\":\"https:\/\/articim.fr\/?s={search_term_string}\"},\"query-input\":{\"@type\":\"PropertyValueSpecification\",\"valueRequired\":true,\"valueName\":\"search_term_string\"}}],\"inLanguage\":\"fr-FR\"},{\"@type\":\"Organization\",\"@id\":\"https:\/\/articim.fr\/#organization\",\"name\":\"articim\",\"url\":\"https:\/\/articim.fr\/\",\"logo\":{\"@type\":\"ImageObject\",\"inLanguage\":\"fr-FR\",\"@id\":\"https:\/\/articim.fr\/#\/schema\/logo\/image\/\",\"url\":\"http:\/\/articim.fr\/wp-content\/uploads\/2025\/02\/cropped-Logo-Articim-noir.png\",\"contentUrl\":\"http:\/\/articim.fr\/wp-content\/uploads\/2025\/02\/cropped-Logo-Articim-noir.png\",\"width\":512,\"height\":512,\"caption\":\"articim\"},\"image\":{\"@id\":\"https:\/\/articim.fr\/#\/schema\/logo\/image\/\"},\"sameAs\":[\"https:\/\/fr.linkedin.com\/company\/articim\"]}]}<\/script>\n<!-- \/ Yoast SEO plugin. -->","yoast_head_json":{"title":"CIMA - Cr\u00e9dit d'Imp\u00f4t en faveur des M\u00e9tiers d'Art - articim","description":"B\u00e9n\u00e9ficiez du Cr\u00e9dit d\u2019Imp\u00f4t M\u00e9tiers d\u2019Art (CIMA) pour r\u00e9duire vos co\u00fbts de conception et valoriser votre savoir-faire fran\u00e7ais. Articim, expert en financements publics, vous accompagne pas \u00e0 pas pour optimiser votre dossier et s\u00e9curiser vos aides. D\u00e9couvrez comment en profiter d\u00e8s maintenant !","robots":{"index":"index","follow":"follow","max-snippet":"max-snippet:-1","max-image-preview":"max-image-preview:large","max-video-preview":"max-video-preview:-1"},"canonical":"https:\/\/articim.fr\/?page_id=44","og_locale":"fr_FR","og_type":"article","og_title":"CIMA - Cr\u00e9dit d'Imp\u00f4t en faveur des M\u00e9tiers d'Art - articim","og_description":"B\u00e9n\u00e9ficiez du Cr\u00e9dit d\u2019Imp\u00f4t M\u00e9tiers d\u2019Art (CIMA) pour r\u00e9duire vos co\u00fbts de conception et valoriser votre savoir-faire fran\u00e7ais. Articim, expert en financements publics, vous accompagne pas \u00e0 pas pour optimiser votre dossier et s\u00e9curiser vos aides. D\u00e9couvrez comment en profiter d\u00e8s maintenant !","og_url":"https:\/\/articim.fr\/?page_id=44","og_site_name":"articim","article_modified_time":"2026-01-07T16:55:07+00:00","og_image":[{"url":"http:\/\/articim.fr\/wp-content\/uploads\/2025\/02\/CIMA-1024x775.jpg","type":"","width":"","height":""}],"twitter_card":"summary_large_image","twitter_misc":{"Dur\u00e9e de lecture estim\u00e9e":"2 minutes"},"schema":{"@context":"https:\/\/schema.org","@graph":[{"@type":"WebPage","@id":"https:\/\/articim.fr\/?page_id=44","url":"https:\/\/articim.fr\/?page_id=44","name":"CIMA - Cr\u00e9dit d'Imp\u00f4t en faveur des M\u00e9tiers d'Art - articim","isPartOf":{"@id":"https:\/\/articim.fr\/#website"},"primaryImageOfPage":{"@id":"https:\/\/articim.fr\/?page_id=44#primaryimage"},"image":{"@id":"https:\/\/articim.fr\/?page_id=44#primaryimage"},"thumbnailUrl":"http:\/\/articim.fr\/wp-content\/uploads\/2025\/02\/CIMA-1024x775.jpg","datePublished":"2023-09-16T08:01:35+00:00","dateModified":"2026-01-07T16:55:07+00:00","description":"B\u00e9n\u00e9ficiez du Cr\u00e9dit d\u2019Imp\u00f4t M\u00e9tiers d\u2019Art (CIMA) pour r\u00e9duire vos co\u00fbts de conception et valoriser votre savoir-faire fran\u00e7ais. Articim, expert en financements publics, vous accompagne pas \u00e0 pas pour optimiser votre dossier et s\u00e9curiser vos aides. D\u00e9couvrez comment en profiter d\u00e8s maintenant !","breadcrumb":{"@id":"https:\/\/articim.fr\/?page_id=44#breadcrumb"},"inLanguage":"fr-FR","potentialAction":[{"@type":"ReadAction","target":["https:\/\/articim.fr\/?page_id=44"]}]},{"@type":"ImageObject","inLanguage":"fr-FR","@id":"https:\/\/articim.fr\/?page_id=44#primaryimage","url":"https:\/\/articim.fr\/wp-content\/uploads\/2025\/02\/CIMA.jpg","contentUrl":"https:\/\/articim.fr\/wp-content\/uploads\/2025\/02\/CIMA.jpg","width":2368,"height":1792},{"@type":"BreadcrumbList","@id":"https:\/\/articim.fr\/?page_id=44#breadcrumb","itemListElement":[{"@type":"ListItem","position":1,"name":"Accueil","item":"https:\/\/articim.fr\/"},{"@type":"ListItem","position":2,"name":"CIMA &#8211; Cr\u00e9dit d&rsquo;Imp\u00f4t en faveur des M\u00e9tiers d&rsquo;Art"}]},{"@type":"WebSite","@id":"https:\/\/articim.fr\/#website","url":"https:\/\/articim.fr\/","name":"articim","description":"Le geste Fran\u00e7ais","publisher":{"@id":"https:\/\/articim.fr\/#organization"},"potentialAction":[{"@type":"SearchAction","target":{"@type":"EntryPoint","urlTemplate":"https:\/\/articim.fr\/?s={search_term_string}"},"query-input":{"@type":"PropertyValueSpecification","valueRequired":true,"valueName":"search_term_string"}}],"inLanguage":"fr-FR"},{"@type":"Organization","@id":"https:\/\/articim.fr\/#organization","name":"articim","url":"https:\/\/articim.fr\/","logo":{"@type":"ImageObject","inLanguage":"fr-FR","@id":"https:\/\/articim.fr\/#\/schema\/logo\/image\/","url":"http:\/\/articim.fr\/wp-content\/uploads\/2025\/02\/cropped-Logo-Articim-noir.png","contentUrl":"http:\/\/articim.fr\/wp-content\/uploads\/2025\/02\/cropped-Logo-Articim-noir.png","width":512,"height":512,"caption":"articim"},"image":{"@id":"https:\/\/articim.fr\/#\/schema\/logo\/image\/"},"sameAs":["https:\/\/fr.linkedin.com\/company\/articim"]}]}},"_links":{"self":[{"href":"https:\/\/articim.fr\/index.php?rest_route=\/wp\/v2\/pages\/44","targetHints":{"allow":["GET"]}}],"collection":[{"href":"https:\/\/articim.fr\/index.php?rest_route=\/wp\/v2\/pages"}],"about":[{"href":"https:\/\/articim.fr\/index.php?rest_route=\/wp\/v2\/types\/page"}],"author":[{"embeddable":true,"href":"https:\/\/articim.fr\/index.php?rest_route=\/wp\/v2\/users\/1"}],"replies":[{"embeddable":true,"href":"https:\/\/articim.fr\/index.php?rest_route=%2Fwp%2Fv2%2Fcomments&post=44"}],"version-history":[{"count":11,"href":"https:\/\/articim.fr\/index.php?rest_route=\/wp\/v2\/pages\/44\/revisions"}],"predecessor-version":[{"id":310,"href":"https:\/\/articim.fr\/index.php?rest_route=\/wp\/v2\/pages\/44\/revisions\/310"}],"wp:attachment":[{"href":"https:\/\/articim.fr\/index.php?rest_route=%2Fwp%2Fv2%2Fmedia&parent=44"}],"curies":[{"name":"wp","href":"https:\/\/api.w.org\/{rel}","templated":true}]}}