{"id":48,"date":"2023-09-16T10:04:24","date_gmt":"2023-09-16T08:04:24","guid":{"rendered":"http:\/\/articim.fr\/?page_id=48"},"modified":"2026-02-10T10:19:04","modified_gmt":"2026-02-10T09:19:04","slug":"epv-entreprise-du-patrimoine-vivantepv","status":"publish","type":"page","link":"https:\/\/articim.fr\/?page_id=48","title":{"rendered":"EPV &#8211; Entreprise du Patrimoine Vivant"},"content":{"rendered":"\n<p style=\"font-size:clamp(18.959px, 1.185rem + ((1vw - 3.2px) * 1.15), 30px);\">Le label d&rsquo;\u00e9tat fran\u00e7ais qui reconnait l&rsquo;excellence des savoir-faire d&rsquo;exception<\/p>\n\n\n\n<p class=\"has-medium-font-size\"><strong>Une reconnaissance d&rsquo;\u00c9tat pour l&rsquo;Excellence : <\/strong><\/p>\n\n\n\n<p class=\"has-medium-font-size\">Symbole d\u2019excellence du \u00ab made in France \u00bb, le label EPV distingue les entreprises d\u00e9tenant un patrimoine technique sp\u00e9cifique. Il ne r\u00e9compense pas uniquement l&rsquo;anciennet\u00e9, mais valorise la ma\u00eetrise de techniques traditionnelles ou de haute technicit\u00e9. C&rsquo;est une distinction d&rsquo;\u00c9tat garantissant l&rsquo;excellence de vos savoir-faire.<\/p>\n\n\n\n<p class=\"has-medium-font-size\"><strong><strong>Un atout strat\u00e9gique et fiscal : <\/strong> <\/strong><\/p>\n\n\n\n<p class=\"has-medium-font-size\">L\u2019obtention du label transforme votre image en levier de rentabilit\u00e9. Outre le rayonnement commercial, il active un avantage fiscal : le taux du CIMA est major\u00e9 \u00e0 15 % (au lieu de 10 %). Le label devient ainsi un outil direct d&rsquo;optimisation de votre tr\u00e9sorerie.<\/p>\n\n\n\n<p class=\"has-medium-font-size\"><strong>L&rsquo;expertise Articim au service de votre candidature : <\/strong><\/p>\n\n\n\n<p class=\"has-medium-font-size\">La proc\u00e9dure de labellisation est exigeante. Articim s\u00e9curise cette \u00e9tape en prenant en charge l&rsquo;int\u00e9gralit\u00e9 de la r\u00e9daction du dossier. Nous traduisons votre technicit\u00e9 et votre histoire en arguments administratifs pour r\u00e9pondre aux crit\u00e8res, vous permettant de vous concentrer sur votre production.<\/p>\n\n\n\n<figure class=\"wp-block-image aligncenter size-full\"><a href=\"https:\/\/www.sgs.com\/fr-fr\/showcases\/label-epv-entreprise-du-patrimoine-vivant\" target=\"_blank\" rel=\" noreferrer noopener\"><img loading=\"lazy\" decoding=\"async\" width=\"300\" height=\"168\" src=\"https:\/\/articim.fr\/wp-content\/uploads\/2023\/11\/EPV-image.png\" alt=\"\" class=\"wp-image-152\"\/><\/a><\/figure>\n\n\n\n<p><\/p>\n","protected":false},"excerpt":{"rendered":"<p>Le label d&rsquo;\u00e9tat fran\u00e7ais qui reconnait l&rsquo;excellence des savoir-faire d&rsquo;exception Une reconnaissance d&rsquo;\u00c9tat pour l&rsquo;Excellence : Symbole d\u2019excellence du \u00ab made in France \u00bb, le label EPV distingue les entreprises d\u00e9tenant un patrimoine technique sp\u00e9cifique. Il ne r\u00e9compense pas uniquement l&rsquo;anciennet\u00e9, mais valorise la ma\u00eetrise de techniques traditionnelles ou de haute technicit\u00e9. C&rsquo;est une distinction &hellip; <\/p>\n<p class=\"link-more\"><a href=\"https:\/\/articim.fr\/?page_id=48\" class=\"more-link\">Lire la suite de<span class=\"screen-reader-text\">\u00ab\u00a0EPV &#8211; Entreprise du Patrimoine Vivant\u00a0\u00bb<\/span><\/a><\/p>\n","protected":false},"author":1,"featured_media":0,"parent":0,"menu_order":0,"comment_status":"closed","ping_status":"closed","template":"","meta":{"footnotes":""},"class_list":["post-48","page","type-page","status-publish","hentry"],"yoast_head":"<!-- This site is optimized with the Yoast SEO plugin v26.7 - https:\/\/yoast.com\/wordpress\/plugins\/seo\/ -->\n<title>EPV - Entreprise du Patrimoine Vivant - articim<\/title>\n<meta name=\"robots\" content=\"index, follow, max-snippet:-1, max-image-preview:large, max-video-preview:-1\" \/>\n<link rel=\"canonical\" href=\"https:\/\/articim.fr\/?page_id=48\" \/>\n<meta property=\"og:locale\" content=\"fr_FR\" \/>\n<meta property=\"og:type\" content=\"article\" \/>\n<meta property=\"og:title\" content=\"EPV - Entreprise du Patrimoine Vivant - articim\" \/>\n<meta property=\"og:description\" content=\"Le label d&rsquo;\u00e9tat fran\u00e7ais qui reconnait l&rsquo;excellence des savoir-faire d&rsquo;exception Une reconnaissance d&rsquo;\u00c9tat pour l&rsquo;Excellence : Symbole d\u2019excellence du \u00ab made in France \u00bb, le label EPV distingue les entreprises d\u00e9tenant un patrimoine technique sp\u00e9cifique. Il ne r\u00e9compense pas uniquement l&rsquo;anciennet\u00e9, mais valorise la ma\u00eetrise de techniques traditionnelles ou de haute technicit\u00e9. C&rsquo;est une distinction &hellip; Lire la suite de\u00ab\u00a0EPV &#8211; Entreprise du Patrimoine Vivant\u00a0\u00bb\" \/>\n<meta property=\"og:url\" content=\"https:\/\/articim.fr\/?page_id=48\" \/>\n<meta property=\"og:site_name\" content=\"articim\" \/>\n<meta property=\"article:modified_time\" content=\"2026-02-10T09:19:04+00:00\" \/>\n<meta property=\"og:image\" content=\"https:\/\/articim.fr\/wp-content\/uploads\/2023\/11\/EPV-image.png\" \/>\n\t<meta property=\"og:image:width\" content=\"300\" \/>\n\t<meta property=\"og:image:height\" content=\"168\" \/>\n\t<meta property=\"og:image:type\" content=\"image\/png\" \/>\n<meta name=\"twitter:card\" content=\"summary_large_image\" \/>\n<meta name=\"twitter:label1\" content=\"Dur\u00e9e de lecture estim\u00e9e\" \/>\n\t<meta name=\"twitter:data1\" content=\"1 minute\" \/>\n<script type=\"application\/ld+json\" class=\"yoast-schema-graph\">{\"@context\":\"https:\/\/schema.org\",\"@graph\":[{\"@type\":\"WebPage\",\"@id\":\"https:\/\/articim.fr\/?page_id=48\",\"url\":\"https:\/\/articim.fr\/?page_id=48\",\"name\":\"EPV - Entreprise du Patrimoine Vivant - articim\",\"isPartOf\":{\"@id\":\"https:\/\/articim.fr\/#website\"},\"primaryImageOfPage\":{\"@id\":\"https:\/\/articim.fr\/?page_id=48#primaryimage\"},\"image\":{\"@id\":\"https:\/\/articim.fr\/?page_id=48#primaryimage\"},\"thumbnailUrl\":\"https:\/\/articim.fr\/wp-content\/uploads\/2023\/11\/EPV-image.png\",\"datePublished\":\"2023-09-16T08:04:24+00:00\",\"dateModified\":\"2026-02-10T09:19:04+00:00\",\"breadcrumb\":{\"@id\":\"https:\/\/articim.fr\/?page_id=48#breadcrumb\"},\"inLanguage\":\"fr-FR\",\"potentialAction\":[{\"@type\":\"ReadAction\",\"target\":[\"https:\/\/articim.fr\/?page_id=48\"]}]},{\"@type\":\"ImageObject\",\"inLanguage\":\"fr-FR\",\"@id\":\"https:\/\/articim.fr\/?page_id=48#primaryimage\",\"url\":\"https:\/\/articim.fr\/wp-content\/uploads\/2023\/11\/EPV-image.png\",\"contentUrl\":\"https:\/\/articim.fr\/wp-content\/uploads\/2023\/11\/EPV-image.png\",\"width\":300,\"height\":168},{\"@type\":\"BreadcrumbList\",\"@id\":\"https:\/\/articim.fr\/?page_id=48#breadcrumb\",\"itemListElement\":[{\"@type\":\"ListItem\",\"position\":1,\"name\":\"Accueil\",\"item\":\"https:\/\/articim.fr\/\"},{\"@type\":\"ListItem\",\"position\":2,\"name\":\"EPV &#8211; Entreprise du Patrimoine Vivant\"}]},{\"@type\":\"WebSite\",\"@id\":\"https:\/\/articim.fr\/#website\",\"url\":\"https:\/\/articim.fr\/\",\"name\":\"articim\",\"description\":\"Le geste Fran\u00e7ais\",\"publisher\":{\"@id\":\"https:\/\/articim.fr\/#organization\"},\"potentialAction\":[{\"@type\":\"SearchAction\",\"target\":{\"@type\":\"EntryPoint\",\"urlTemplate\":\"https:\/\/articim.fr\/?s={search_term_string}\"},\"query-input\":{\"@type\":\"PropertyValueSpecification\",\"valueRequired\":true,\"valueName\":\"search_term_string\"}}],\"inLanguage\":\"fr-FR\"},{\"@type\":\"Organization\",\"@id\":\"https:\/\/articim.fr\/#organization\",\"name\":\"articim\",\"url\":\"https:\/\/articim.fr\/\",\"logo\":{\"@type\":\"ImageObject\",\"inLanguage\":\"fr-FR\",\"@id\":\"https:\/\/articim.fr\/#\/schema\/logo\/image\/\",\"url\":\"http:\/\/articim.fr\/wp-content\/uploads\/2025\/02\/cropped-Logo-Articim-noir.png\",\"contentUrl\":\"http:\/\/articim.fr\/wp-content\/uploads\/2025\/02\/cropped-Logo-Articim-noir.png\",\"width\":512,\"height\":512,\"caption\":\"articim\"},\"image\":{\"@id\":\"https:\/\/articim.fr\/#\/schema\/logo\/image\/\"},\"sameAs\":[\"https:\/\/fr.linkedin.com\/company\/articim\"]}]}<\/script>\n<!-- \/ Yoast SEO plugin. -->","yoast_head_json":{"title":"EPV - Entreprise du Patrimoine Vivant - articim","robots":{"index":"index","follow":"follow","max-snippet":"max-snippet:-1","max-image-preview":"max-image-preview:large","max-video-preview":"max-video-preview:-1"},"canonical":"https:\/\/articim.fr\/?page_id=48","og_locale":"fr_FR","og_type":"article","og_title":"EPV - Entreprise du Patrimoine Vivant - articim","og_description":"Le label d&rsquo;\u00e9tat fran\u00e7ais qui reconnait l&rsquo;excellence des savoir-faire d&rsquo;exception Une reconnaissance d&rsquo;\u00c9tat pour l&rsquo;Excellence : Symbole d\u2019excellence du \u00ab made in France \u00bb, le label EPV distingue les entreprises d\u00e9tenant un patrimoine technique sp\u00e9cifique. Il ne r\u00e9compense pas uniquement l&rsquo;anciennet\u00e9, mais valorise la ma\u00eetrise de techniques traditionnelles ou de haute technicit\u00e9. C&rsquo;est une distinction &hellip; Lire la suite de\u00ab\u00a0EPV &#8211; Entreprise du Patrimoine Vivant\u00a0\u00bb","og_url":"https:\/\/articim.fr\/?page_id=48","og_site_name":"articim","article_modified_time":"2026-02-10T09:19:04+00:00","og_image":[{"width":300,"height":168,"url":"https:\/\/articim.fr\/wp-content\/uploads\/2023\/11\/EPV-image.png","type":"image\/png"}],"twitter_card":"summary_large_image","twitter_misc":{"Dur\u00e9e de lecture estim\u00e9e":"1 minute"},"schema":{"@context":"https:\/\/schema.org","@graph":[{"@type":"WebPage","@id":"https:\/\/articim.fr\/?page_id=48","url":"https:\/\/articim.fr\/?page_id=48","name":"EPV - Entreprise du Patrimoine Vivant - articim","isPartOf":{"@id":"https:\/\/articim.fr\/#website"},"primaryImageOfPage":{"@id":"https:\/\/articim.fr\/?page_id=48#primaryimage"},"image":{"@id":"https:\/\/articim.fr\/?page_id=48#primaryimage"},"thumbnailUrl":"https:\/\/articim.fr\/wp-content\/uploads\/2023\/11\/EPV-image.png","datePublished":"2023-09-16T08:04:24+00:00","dateModified":"2026-02-10T09:19:04+00:00","breadcrumb":{"@id":"https:\/\/articim.fr\/?page_id=48#breadcrumb"},"inLanguage":"fr-FR","potentialAction":[{"@type":"ReadAction","target":["https:\/\/articim.fr\/?page_id=48"]}]},{"@type":"ImageObject","inLanguage":"fr-FR","@id":"https:\/\/articim.fr\/?page_id=48#primaryimage","url":"https:\/\/articim.fr\/wp-content\/uploads\/2023\/11\/EPV-image.png","contentUrl":"https:\/\/articim.fr\/wp-content\/uploads\/2023\/11\/EPV-image.png","width":300,"height":168},{"@type":"BreadcrumbList","@id":"https:\/\/articim.fr\/?page_id=48#breadcrumb","itemListElement":[{"@type":"ListItem","position":1,"name":"Accueil","item":"https:\/\/articim.fr\/"},{"@type":"ListItem","position":2,"name":"EPV &#8211; Entreprise du Patrimoine Vivant"}]},{"@type":"WebSite","@id":"https:\/\/articim.fr\/#website","url":"https:\/\/articim.fr\/","name":"articim","description":"Le geste Fran\u00e7ais","publisher":{"@id":"https:\/\/articim.fr\/#organization"},"potentialAction":[{"@type":"SearchAction","target":{"@type":"EntryPoint","urlTemplate":"https:\/\/articim.fr\/?s={search_term_string}"},"query-input":{"@type":"PropertyValueSpecification","valueRequired":true,"valueName":"search_term_string"}}],"inLanguage":"fr-FR"},{"@type":"Organization","@id":"https:\/\/articim.fr\/#organization","name":"articim","url":"https:\/\/articim.fr\/","logo":{"@type":"ImageObject","inLanguage":"fr-FR","@id":"https:\/\/articim.fr\/#\/schema\/logo\/image\/","url":"http:\/\/articim.fr\/wp-content\/uploads\/2025\/02\/cropped-Logo-Articim-noir.png","contentUrl":"http:\/\/articim.fr\/wp-content\/uploads\/2025\/02\/cropped-Logo-Articim-noir.png","width":512,"height":512,"caption":"articim"},"image":{"@id":"https:\/\/articim.fr\/#\/schema\/logo\/image\/"},"sameAs":["https:\/\/fr.linkedin.com\/company\/articim"]}]}},"_links":{"self":[{"href":"https:\/\/articim.fr\/index.php?rest_route=\/wp\/v2\/pages\/48","targetHints":{"allow":["GET"]}}],"collection":[{"href":"https:\/\/articim.fr\/index.php?rest_route=\/wp\/v2\/pages"}],"about":[{"href":"https:\/\/articim.fr\/index.php?rest_route=\/wp\/v2\/types\/page"}],"author":[{"embeddable":true,"href":"https:\/\/articim.fr\/index.php?rest_route=\/wp\/v2\/users\/1"}],"replies":[{"embeddable":true,"href":"https:\/\/articim.fr\/index.php?rest_route=%2Fwp%2Fv2%2Fcomments&post=48"}],"version-history":[{"count":12,"href":"https:\/\/articim.fr\/index.php?rest_route=\/wp\/v2\/pages\/48\/revisions"}],"predecessor-version":[{"id":318,"href":"https:\/\/articim.fr\/index.php?rest_route=\/wp\/v2\/pages\/48\/revisions\/318"}],"wp:attachment":[{"href":"https:\/\/articim.fr\/index.php?rest_route=%2Fwp%2Fv2%2Fmedia&parent=48"}],"curies":[{"name":"wp","href":"https:\/\/api.w.org\/{rel}","templated":true}]}}