{"id":96,"date":"2023-10-11T16:16:51","date_gmt":"2023-10-11T14:16:51","guid":{"rendered":"http:\/\/articim.fr\/?page_id=96"},"modified":"2025-02-14T13:19:48","modified_gmt":"2025-02-14T12:19:48","slug":"cic-credit-dimpot-collection","status":"publish","type":"page","link":"https:\/\/articim.fr\/?page_id=96","title":{"rendered":"CIR THC &#8211; Cr\u00e9dit d&rsquo;Imp\u00f4t Recherche Textile Habillement Cuir (ex-CIC)"},"content":{"rendered":"\n<p class=\"has-medium-font-size\">Int\u00e9gr\u00e9 dans le cr\u00e9dit d\u2019imp\u00f4t recherche (CIR), le CIR Textile Habillement Cuir est un dispositif incitatif pour les <strong>entreprises industrielles du secteur textile \u2013 habillement \u2013 cuir<\/strong>.<\/p>\n\n\n\n<p class=\"has-medium-font-size\">L\u2019objectif de ce dispositif est d\u2019all\u00e9ger la charge des d\u00e9penses relatives \u00e0 l\u2019\u00e9laboration de nouvelles collections.<\/p>\n\n\n\n<p class=\"has-medium-font-size\">Il permet de&nbsp;financer jusqu\u2019\u00e0 <strong>30% de d\u00e9penses <\/strong>comme les salaires et charges sociales, les dotations aux amortissements, frais de d\u00e9p\u00f4t des dessins et mod\u00e8les, \u2026<\/p>\n\n\n\n<p class=\"has-medium-font-size\">L\u2019\u00e9ligibilit\u00e9 requiert <strong>un savoir-faire <\/strong>que nous avons d\u00e9velopp\u00e9 afin de <strong>s\u00e9curiser l\u2019obtention <\/strong>de ce dispositif.<\/p>\n\n\n\n<p class=\"has-medium-font-size\">Attention ce cr\u00e9dit d&rsquo;imp\u00f4t est soumis \u00e0 la r\u00e8gle de \u00ab\u00a0minimis\u00a0\u00bb.<\/p>\n\n\n\n<p><\/p>\n\n\n\n<p><\/p>\n\n\n\n<figure class=\"wp-block-image size-large\"><img loading=\"lazy\" decoding=\"async\" width=\"1024\" height=\"775\" src=\"https:\/\/articim.fr\/wp-content\/uploads\/2025\/02\/CIR-THC-1024x775.jpg\" alt=\"\" class=\"wp-image-212\" srcset=\"https:\/\/articim.fr\/wp-content\/uploads\/2025\/02\/CIR-THC-1024x775.jpg 1024w, https:\/\/articim.fr\/wp-content\/uploads\/2025\/02\/CIR-THC-300x227.jpg 300w, https:\/\/articim.fr\/wp-content\/uploads\/2025\/02\/CIR-THC-768x581.jpg 768w, https:\/\/articim.fr\/wp-content\/uploads\/2025\/02\/CIR-THC-1536x1162.jpg 1536w, https:\/\/articim.fr\/wp-content\/uploads\/2025\/02\/CIR-THC-2048x1550.jpg 2048w, https:\/\/articim.fr\/wp-content\/uploads\/2025\/02\/CIR-THC-2000x1514.jpg 2000w\" sizes=\"auto, (max-width: 1024px) 100vw, 1024px\" \/><\/figure>\n","protected":false},"excerpt":{"rendered":"<p>Int\u00e9gr\u00e9 dans le cr\u00e9dit d\u2019imp\u00f4t recherche (CIR), le CIR Textile Habillement Cuir est un dispositif incitatif pour les entreprises industrielles du secteur textile \u2013 habillement \u2013 cuir. L\u2019objectif de ce dispositif est d\u2019all\u00e9ger la charge des d\u00e9penses relatives \u00e0 l\u2019\u00e9laboration de nouvelles collections. Il permet de&nbsp;financer jusqu\u2019\u00e0 30% de d\u00e9penses comme les salaires et charges &hellip; <\/p>\n<p class=\"link-more\"><a href=\"https:\/\/articim.fr\/?page_id=96\" class=\"more-link\">Lire la suite de<span class=\"screen-reader-text\">\u00ab\u00a0CIR THC &#8211; Cr\u00e9dit d&rsquo;Imp\u00f4t Recherche Textile Habillement Cuir (ex-CIC)\u00a0\u00bb<\/span><\/a><\/p>\n","protected":false},"author":1,"featured_media":0,"parent":0,"menu_order":0,"comment_status":"closed","ping_status":"closed","template":"","meta":{"footnotes":""},"class_list":["post-96","page","type-page","status-publish","hentry"],"yoast_head":"<!-- This site is optimized with the Yoast SEO plugin v26.7 - https:\/\/yoast.com\/wordpress\/plugins\/seo\/ -->\n<title>CIR THC - Cr\u00e9dit d&#039;Imp\u00f4t Recherche Textile Habillement Cuir (ex-CIC) - articim<\/title>\n<meta name=\"robots\" content=\"index, follow, max-snippet:-1, max-image-preview:large, max-video-preview:-1\" \/>\n<link rel=\"canonical\" href=\"https:\/\/articim.fr\/?page_id=96\" \/>\n<meta property=\"og:locale\" content=\"fr_FR\" \/>\n<meta property=\"og:type\" content=\"article\" \/>\n<meta property=\"og:title\" content=\"CIR THC - Cr\u00e9dit d&#039;Imp\u00f4t Recherche Textile Habillement Cuir (ex-CIC) - articim\" \/>\n<meta property=\"og:description\" content=\"Int\u00e9gr\u00e9 dans le cr\u00e9dit d\u2019imp\u00f4t recherche (CIR), le CIR Textile Habillement Cuir est un dispositif incitatif pour les entreprises industrielles du secteur textile \u2013 habillement \u2013 cuir. L\u2019objectif de ce dispositif est d\u2019all\u00e9ger la charge des d\u00e9penses relatives \u00e0 l\u2019\u00e9laboration de nouvelles collections. Il permet de&nbsp;financer jusqu\u2019\u00e0 30% de d\u00e9penses comme les salaires et charges &hellip; Lire la suite de\u00ab\u00a0CIR THC &#8211; Cr\u00e9dit d&rsquo;Imp\u00f4t Recherche Textile Habillement Cuir (ex-CIC)\u00a0\u00bb\" \/>\n<meta property=\"og:url\" content=\"https:\/\/articim.fr\/?page_id=96\" \/>\n<meta property=\"og:site_name\" content=\"articim\" \/>\n<meta property=\"article:modified_time\" content=\"2025-02-14T12:19:48+00:00\" \/>\n<meta property=\"og:image\" content=\"http:\/\/articim.fr\/wp-content\/uploads\/2025\/02\/CIR-THC-1024x775.jpg\" \/>\n<meta name=\"twitter:card\" content=\"summary_large_image\" \/>\n<meta name=\"twitter:label1\" content=\"Dur\u00e9e de lecture estim\u00e9e\" \/>\n\t<meta name=\"twitter:data1\" content=\"1 minute\" \/>\n<script type=\"application\/ld+json\" class=\"yoast-schema-graph\">{\"@context\":\"https:\/\/schema.org\",\"@graph\":[{\"@type\":\"WebPage\",\"@id\":\"https:\/\/articim.fr\/?page_id=96\",\"url\":\"https:\/\/articim.fr\/?page_id=96\",\"name\":\"CIR THC - Cr\u00e9dit d'Imp\u00f4t Recherche Textile Habillement Cuir (ex-CIC) - articim\",\"isPartOf\":{\"@id\":\"https:\/\/articim.fr\/#website\"},\"primaryImageOfPage\":{\"@id\":\"https:\/\/articim.fr\/?page_id=96#primaryimage\"},\"image\":{\"@id\":\"https:\/\/articim.fr\/?page_id=96#primaryimage\"},\"thumbnailUrl\":\"http:\/\/articim.fr\/wp-content\/uploads\/2025\/02\/CIR-THC-1024x775.jpg\",\"datePublished\":\"2023-10-11T14:16:51+00:00\",\"dateModified\":\"2025-02-14T12:19:48+00:00\",\"breadcrumb\":{\"@id\":\"https:\/\/articim.fr\/?page_id=96#breadcrumb\"},\"inLanguage\":\"fr-FR\",\"potentialAction\":[{\"@type\":\"ReadAction\",\"target\":[\"https:\/\/articim.fr\/?page_id=96\"]}]},{\"@type\":\"ImageObject\",\"inLanguage\":\"fr-FR\",\"@id\":\"https:\/\/articim.fr\/?page_id=96#primaryimage\",\"url\":\"https:\/\/articim.fr\/wp-content\/uploads\/2025\/02\/CIR-THC.jpg\",\"contentUrl\":\"https:\/\/articim.fr\/wp-content\/uploads\/2025\/02\/CIR-THC.jpg\",\"width\":2368,\"height\":1792},{\"@type\":\"BreadcrumbList\",\"@id\":\"https:\/\/articim.fr\/?page_id=96#breadcrumb\",\"itemListElement\":[{\"@type\":\"ListItem\",\"position\":1,\"name\":\"Accueil\",\"item\":\"https:\/\/articim.fr\/\"},{\"@type\":\"ListItem\",\"position\":2,\"name\":\"CIR THC &#8211; Cr\u00e9dit d&rsquo;Imp\u00f4t Recherche Textile Habillement Cuir (ex-CIC)\"}]},{\"@type\":\"WebSite\",\"@id\":\"https:\/\/articim.fr\/#website\",\"url\":\"https:\/\/articim.fr\/\",\"name\":\"articim\",\"description\":\"Le geste Fran\u00e7ais\",\"publisher\":{\"@id\":\"https:\/\/articim.fr\/#organization\"},\"potentialAction\":[{\"@type\":\"SearchAction\",\"target\":{\"@type\":\"EntryPoint\",\"urlTemplate\":\"https:\/\/articim.fr\/?s={search_term_string}\"},\"query-input\":{\"@type\":\"PropertyValueSpecification\",\"valueRequired\":true,\"valueName\":\"search_term_string\"}}],\"inLanguage\":\"fr-FR\"},{\"@type\":\"Organization\",\"@id\":\"https:\/\/articim.fr\/#organization\",\"name\":\"articim\",\"url\":\"https:\/\/articim.fr\/\",\"logo\":{\"@type\":\"ImageObject\",\"inLanguage\":\"fr-FR\",\"@id\":\"https:\/\/articim.fr\/#\/schema\/logo\/image\/\",\"url\":\"http:\/\/articim.fr\/wp-content\/uploads\/2025\/02\/cropped-Logo-Articim-noir.png\",\"contentUrl\":\"http:\/\/articim.fr\/wp-content\/uploads\/2025\/02\/cropped-Logo-Articim-noir.png\",\"width\":512,\"height\":512,\"caption\":\"articim\"},\"image\":{\"@id\":\"https:\/\/articim.fr\/#\/schema\/logo\/image\/\"},\"sameAs\":[\"https:\/\/fr.linkedin.com\/company\/articim\"]}]}<\/script>\n<!-- \/ Yoast SEO plugin. -->","yoast_head_json":{"title":"CIR THC - Cr\u00e9dit d'Imp\u00f4t Recherche Textile Habillement Cuir (ex-CIC) - articim","robots":{"index":"index","follow":"follow","max-snippet":"max-snippet:-1","max-image-preview":"max-image-preview:large","max-video-preview":"max-video-preview:-1"},"canonical":"https:\/\/articim.fr\/?page_id=96","og_locale":"fr_FR","og_type":"article","og_title":"CIR THC - Cr\u00e9dit d'Imp\u00f4t Recherche Textile Habillement Cuir (ex-CIC) - articim","og_description":"Int\u00e9gr\u00e9 dans le cr\u00e9dit d\u2019imp\u00f4t recherche (CIR), le CIR Textile Habillement Cuir est un dispositif incitatif pour les entreprises industrielles du secteur textile \u2013 habillement \u2013 cuir. L\u2019objectif de ce dispositif est d\u2019all\u00e9ger la charge des d\u00e9penses relatives \u00e0 l\u2019\u00e9laboration de nouvelles collections. Il permet de&nbsp;financer jusqu\u2019\u00e0 30% de d\u00e9penses comme les salaires et charges &hellip; Lire la suite de\u00ab\u00a0CIR THC &#8211; Cr\u00e9dit d&rsquo;Imp\u00f4t Recherche Textile Habillement Cuir (ex-CIC)\u00a0\u00bb","og_url":"https:\/\/articim.fr\/?page_id=96","og_site_name":"articim","article_modified_time":"2025-02-14T12:19:48+00:00","og_image":[{"url":"http:\/\/articim.fr\/wp-content\/uploads\/2025\/02\/CIR-THC-1024x775.jpg","type":"","width":"","height":""}],"twitter_card":"summary_large_image","twitter_misc":{"Dur\u00e9e de lecture estim\u00e9e":"1 minute"},"schema":{"@context":"https:\/\/schema.org","@graph":[{"@type":"WebPage","@id":"https:\/\/articim.fr\/?page_id=96","url":"https:\/\/articim.fr\/?page_id=96","name":"CIR THC - Cr\u00e9dit d'Imp\u00f4t Recherche Textile Habillement Cuir (ex-CIC) - articim","isPartOf":{"@id":"https:\/\/articim.fr\/#website"},"primaryImageOfPage":{"@id":"https:\/\/articim.fr\/?page_id=96#primaryimage"},"image":{"@id":"https:\/\/articim.fr\/?page_id=96#primaryimage"},"thumbnailUrl":"http:\/\/articim.fr\/wp-content\/uploads\/2025\/02\/CIR-THC-1024x775.jpg","datePublished":"2023-10-11T14:16:51+00:00","dateModified":"2025-02-14T12:19:48+00:00","breadcrumb":{"@id":"https:\/\/articim.fr\/?page_id=96#breadcrumb"},"inLanguage":"fr-FR","potentialAction":[{"@type":"ReadAction","target":["https:\/\/articim.fr\/?page_id=96"]}]},{"@type":"ImageObject","inLanguage":"fr-FR","@id":"https:\/\/articim.fr\/?page_id=96#primaryimage","url":"https:\/\/articim.fr\/wp-content\/uploads\/2025\/02\/CIR-THC.jpg","contentUrl":"https:\/\/articim.fr\/wp-content\/uploads\/2025\/02\/CIR-THC.jpg","width":2368,"height":1792},{"@type":"BreadcrumbList","@id":"https:\/\/articim.fr\/?page_id=96#breadcrumb","itemListElement":[{"@type":"ListItem","position":1,"name":"Accueil","item":"https:\/\/articim.fr\/"},{"@type":"ListItem","position":2,"name":"CIR THC &#8211; Cr\u00e9dit d&rsquo;Imp\u00f4t Recherche Textile Habillement Cuir (ex-CIC)"}]},{"@type":"WebSite","@id":"https:\/\/articim.fr\/#website","url":"https:\/\/articim.fr\/","name":"articim","description":"Le geste Fran\u00e7ais","publisher":{"@id":"https:\/\/articim.fr\/#organization"},"potentialAction":[{"@type":"SearchAction","target":{"@type":"EntryPoint","urlTemplate":"https:\/\/articim.fr\/?s={search_term_string}"},"query-input":{"@type":"PropertyValueSpecification","valueRequired":true,"valueName":"search_term_string"}}],"inLanguage":"fr-FR"},{"@type":"Organization","@id":"https:\/\/articim.fr\/#organization","name":"articim","url":"https:\/\/articim.fr\/","logo":{"@type":"ImageObject","inLanguage":"fr-FR","@id":"https:\/\/articim.fr\/#\/schema\/logo\/image\/","url":"http:\/\/articim.fr\/wp-content\/uploads\/2025\/02\/cropped-Logo-Articim-noir.png","contentUrl":"http:\/\/articim.fr\/wp-content\/uploads\/2025\/02\/cropped-Logo-Articim-noir.png","width":512,"height":512,"caption":"articim"},"image":{"@id":"https:\/\/articim.fr\/#\/schema\/logo\/image\/"},"sameAs":["https:\/\/fr.linkedin.com\/company\/articim"]}]}},"_links":{"self":[{"href":"https:\/\/articim.fr\/index.php?rest_route=\/wp\/v2\/pages\/96","targetHints":{"allow":["GET"]}}],"collection":[{"href":"https:\/\/articim.fr\/index.php?rest_route=\/wp\/v2\/pages"}],"about":[{"href":"https:\/\/articim.fr\/index.php?rest_route=\/wp\/v2\/types\/page"}],"author":[{"embeddable":true,"href":"https:\/\/articim.fr\/index.php?rest_route=\/wp\/v2\/users\/1"}],"replies":[{"embeddable":true,"href":"https:\/\/articim.fr\/index.php?rest_route=%2Fwp%2Fv2%2Fcomments&post=96"}],"version-history":[{"count":7,"href":"https:\/\/articim.fr\/index.php?rest_route=\/wp\/v2\/pages\/96\/revisions"}],"predecessor-version":[{"id":214,"href":"https:\/\/articim.fr\/index.php?rest_route=\/wp\/v2\/pages\/96\/revisions\/214"}],"wp:attachment":[{"href":"https:\/\/articim.fr\/index.php?rest_route=%2Fwp%2Fv2%2Fmedia&parent=96"}],"curies":[{"name":"wp","href":"https:\/\/api.w.org\/{rel}","templated":true}]}}